{"id":8676,"date":"2022-08-18T09:31:05","date_gmt":"2022-08-18T09:31:05","guid":{"rendered":"http:\/\/bulletproofboxs.com\/?post_type=product&#038;p=8676"},"modified":"2023-07-24T02:23:26","modified_gmt":"2023-07-24T02:23:26","slug":"camouflage-bulletproof-vest-7","status":"publish","type":"product","link":"https:\/\/bulletproofboxs.com\/it\/prodotto\/camuffamento-gilet-antiproiettile-7\/","title":{"rendered":"Gilet antiproiettile mimetico 7"},"content":{"rendered":"<h4 class=\"topTitle\" style=\"text-align: center;\"><span style=\"vertical-align: inherit;\"><span style=\"vertical-align: inherit;\">\u4e16\u754c\u4e0a\u6700\u8f7b\u7684<\/span><\/span><\/h4>\n<h2 class=\"mainTitle\" style=\"text-align: center;\"><span style=\"vertical-align: inherit;\"><span style=\"vertical-align: inherit;\">\u9632\u5f39\u80cc\u5fc3<\/span><\/span><\/h2>\n<h5 class=\"subTitle\" style=\"text-align: center;\"><span style=\"font-size: 16px;\"><span style=\"vertical-align: inherit;\"><span style=\"vertical-align: inherit;\">\u8fd9\u6b3e\u9632\u5f39\u80cc\u5fc3\u7684\u91cd\u91cf\u5c0f\u4e8e\u666e\u901a\u667a\u80fd\u624b\u673a\uff0c\u53ef\u4ee5\u5728\u79d8\u5bc6\u4efb\u52a1\u548c\u516c\u5f00\u6218\u6597\u4e2d\u7a7f\u7740\u3002<\/span><span style=\"vertical-align: inherit;\">\u65e0\u7f1d\u8bbe\u8ba1\u786e\u4fdd\u8212\u9002\u7684\u4f4e\u8c03\u8d34\u5408\uff0c\u5728\u4e0d\u727a\u7272\u8d28\u91cf\u6216\u8212\u9002\u5ea6\u7684\u60c5\u51b5\u4e0b\u6700\u5927\u9650\u5ea6\u5730\u63d0\u9ad8\u8fd0\u52a8\u80fd\u529b\u3002<\/span><\/span><\/span><\/h5>\n<p><img fetchpriority=\"high\" decoding=\"async\" class=\"aligncenter wp-image-8697 size-full\" src=\"http:\/\/bulletproofboxs.com\/wp-content\/uploads\/2022\/08\/Camouflage-Bulletproof-Vest-7-66.webp\" alt=\"\" width=\"1536\" height=\"824\" srcset=\"https:\/\/bulletproofboxs.com\/wp-content\/uploads\/2022\/08\/Camouflage-Bulletproof-Vest-7-66.webp 1536w, https:\/\/bulletproofboxs.com\/wp-content\/uploads\/2022\/08\/Camouflage-Bulletproof-Vest-7-66-300x161.webp 300w, https:\/\/bulletproofboxs.com\/wp-content\/uploads\/2022\/08\/Camouflage-Bulletproof-Vest-7-66-1024x549.webp 1024w, https:\/\/bulletproofboxs.com\/wp-content\/uploads\/2022\/08\/Camouflage-Bulletproof-Vest-7-66-768x412.webp 768w, https:\/\/bulletproofboxs.com\/wp-content\/uploads\/2022\/08\/Camouflage-Bulletproof-Vest-7-66-600x322.webp 600w\" sizes=\"(max-width: 1536px) 100vw, 1536px\" \/><\/p>\n<div class=\"dividerBlock\" style=\"text-align: center;\"><strong><span style=\"vertical-align: inherit;\"><span style=\"vertical-align: inherit;\">\u7279\u5f81<\/span><\/span><\/strong><\/div>\n<div>\n<hr \/>\n<\/div>\n<section id=\"featuresSection\" class=\"keyFeatures\">\n<div class=\"listBlock\">\n<ul>\n<li data-pm-slice=\"0 0 []\"><span style=\"vertical-align: inherit;\"><span style=\"vertical-align: inherit;\">\u7b26\u5408NIJ\u6807\u51c6-0101.06<\/span><\/span><\/li>\n<li data-pm-slice=\"0 0 []\"><span style=\"vertical-align: inherit;\"><span style=\"vertical-align: inherit;\">IIIA \u7ea7\u9488\u5bf9 0.357\u30019mm\u300145acp\u30010.44 magnum \u8fdb\u884c\u4e86\u5a01\u80c1\u6d4b\u8bd5<\/span><\/span><\/li>\n<li data-pm-slice=\"0 0 []\"><span style=\"vertical-align: inherit;\"><span style=\"vertical-align: inherit;\">\u5e26\u70ed\u5c01\u63a5\u7f1d\u7684\u9632\u6c34\u9762\u677f\u76d6<\/span><\/span><\/li>\n<li data-pm-slice=\"0 0 []\"><span style=\"vertical-align: inherit;\"><span style=\"vertical-align: inherit;\">\u8f7b\u8d28\u56db\u5411\u5f39\u529b\u9632\u6495\u88c2\u9762\u6599<\/span><\/span><\/li>\n<li data-pm-slice=\"0 0 []\"><span style=\"vertical-align: inherit;\"><span style=\"vertical-align: inherit;\">\u4e92\u8865\u7684\u8f7b\u8d28\u95f4\u9694\u7f51\u5185\u886c\u53ef\u6539\u5584\u6c14\u6d41<\/span><\/span><\/li>\n<li data-pm-slice=\"0 0 []\"><span style=\"vertical-align: inherit;\"><span style=\"vertical-align: inherit;\">\u524d\u540e\u677f\u53e3\u888b\u53ef\u5b89\u88c5\u53ef\u9009\u7684 IIIA\u3001III\u3001IV \u7ea7\u786c\u8d28\u677f<\/span><\/span><\/li>\n<li data-pm-slice=\"0 0 []\"><span style=\"vertical-align: inherit;\"><span style=\"vertical-align: inherit;\">\u53ef\u62c6\u5378\u80a9\u90e8\u3001\u8863\u9886\u548c\u9886\u53e3\u3002<\/span><span style=\"vertical-align: inherit;\">\u4e8c\u5934\u808c\u3001\u8179\u80a1\u6c9f\u548c\u80be\u810f\/\u4e0b\u80cc\u90e8\u4fdd\u62a4\u3002<\/span><\/span><\/li>\n<\/ul>\n<p><img decoding=\"async\" class=\"aligncenter wp-image-8698 size-full\" src=\"http:\/\/bulletproofboxs.com\/wp-content\/uploads\/2022\/08\/Camouflage-Bulletproof-Vest-7-77.webp\" alt=\"\" width=\"750\" height=\"1460\" srcset=\"https:\/\/bulletproofboxs.com\/wp-content\/uploads\/2022\/08\/Camouflage-Bulletproof-Vest-7-77.webp 750w, https:\/\/bulletproofboxs.com\/wp-content\/uploads\/2022\/08\/Camouflage-Bulletproof-Vest-7-77-154x300.webp 154w, https:\/\/bulletproofboxs.com\/wp-content\/uploads\/2022\/08\/Camouflage-Bulletproof-Vest-7-77-526x1024.webp 526w, https:\/\/bulletproofboxs.com\/wp-content\/uploads\/2022\/08\/Camouflage-Bulletproof-Vest-7-77-600x1168.webp 600w\" sizes=\"(max-width: 750px) 100vw, 750px\" \/><\/p>\n<div class=\"infoBlockTitle\" style=\"text-align: center;\"><strong><span style=\"vertical-align: inherit;\"><span style=\"vertical-align: inherit;\">\u642c\u8fd0\u548c\u6e05\u6d01<\/span><\/span><\/strong><\/div>\n<div>\n<hr \/>\n<\/div>\n<div class=\"p\">1. Rimuovere tutti gli inserti dell&#039;armatura.<br \/>\n2. Separare tutte le parti.<br \/>\n3. Lavare in acqua tiepida con sapone\/detersivo per bucato e una spazzola morbida.<br \/>\n4. Sciacquare bene in acqua tiepida.<br \/>\n5. Asciugare all&#039;aria in un luogo caldo e ben ventilato.<\/div>\n<div><img decoding=\"async\" class=\"aligncenter wp-image-8164 size-full\" src=\"http:\/\/bulletproofboxs.com\/wp-content\/uploads\/2022\/08\/1.webp\" alt=\"\" width=\"1605\" height=\"560\" srcset=\"https:\/\/bulletproofboxs.com\/wp-content\/uploads\/2022\/08\/1.webp 1605w, https:\/\/bulletproofboxs.com\/wp-content\/uploads\/2022\/08\/1-300x105.webp 300w, https:\/\/bulletproofboxs.com\/wp-content\/uploads\/2022\/08\/1-1024x357.webp 1024w, https:\/\/bulletproofboxs.com\/wp-content\/uploads\/2022\/08\/1-768x268.webp 768w, https:\/\/bulletproofboxs.com\/wp-content\/uploads\/2022\/08\/1-1536x536.webp 1536w, https:\/\/bulletproofboxs.com\/wp-content\/uploads\/2022\/08\/1-600x209.webp 600w\" sizes=\"(max-width: 1605px) 100vw, 1605px\" \/><\/div>\n<\/div>\n<\/section>","protected":false},"excerpt":{"rendered":"<p>Con un peso inferiore a uno smartphone medio, questo giubbotto antiproiettile pu\u00f2 essere indossato in missioni segrete e combattimenti aperti. Il design senza cuciture garantisce una vestibilit\u00e0 comoda a basso profilo, massimizzando i movimenti senza sacrificare la qualit\u00e0 o il comfort.<\/p>","protected":false},"featured_media":8699,"comment_status":"open","ping_status":"closed","template":"","meta":{"site-sidebar-layout":"default","site-content-layout":"default","ast-site-content-layout":"","site-content-style":"default","site-sidebar-style":"default","ast-global-header-display":"","ast-banner-title-visibility":"","ast-main-header-display":"","ast-hfb-above-header-display":"","ast-hfb-below-header-display":"","ast-hfb-mobile-header-display":"","site-post-title":"","ast-breadcrumbs-content":"","ast-featured-img":"","footer-sml-layout":"","theme-transparent-header-meta":"default","adv-header-id-meta":"","stick-header-meta":"default","header-above-stick-meta":"","header-main-stick-meta":"","header-below-stick-meta":"","astra-migrate-meta-layouts":""},"product_brand":[],"product_cat":[35,36],"product_tag":[38],"class_list":{"0":"post-8676","1":"product","2":"type-product","3":"status-publish","4":"has-post-thumbnail","6":"product_cat-body-armor","7":"product_cat-hard-bulletproof-vest","8":"product_tag-security","9":"desktop-align-left","10":"tablet-align-left","11":"mobile-align-left","12":"ast-product-gallery-layout-horizontal","13":"ast-product-single-variable","14":"ast-product-tabs-layout-horizontal","15":"ast-qv-on-image","17":"first","18":"instock","19":"shipping-taxable","20":"purchasable","21":"product-type-variable"},"_links":{"self":[{"href":"https:\/\/bulletproofboxs.com\/it\/wp-json\/wp\/v2\/product\/8676","targetHints":{"allow":["GET"]}}],"collection":[{"href":"https:\/\/bulletproofboxs.com\/it\/wp-json\/wp\/v2\/product"}],"about":[{"href":"https:\/\/bulletproofboxs.com\/it\/wp-json\/wp\/v2\/types\/product"}],"replies":[{"embeddable":true,"href":"https:\/\/bulletproofboxs.com\/it\/wp-json\/wp\/v2\/comments?post=8676"}],"wp:featuredmedia":[{"embeddable":true,"href":"https:\/\/bulletproofboxs.com\/it\/wp-json\/wp\/v2\/media\/8699"}],"wp:attachment":[{"href":"https:\/\/bulletproofboxs.com\/it\/wp-json\/wp\/v2\/media?parent=8676"}],"wp:term":[{"taxonomy":"product_brand","embeddable":true,"href":"https:\/\/bulletproofboxs.com\/it\/wp-json\/wp\/v2\/product_brand?post=8676"},{"taxonomy":"product_cat","embeddable":true,"href":"https:\/\/bulletproofboxs.com\/it\/wp-json\/wp\/v2\/product_cat?post=8676"},{"taxonomy":"product_tag","embeddable":true,"href":"https:\/\/bulletproofboxs.com\/it\/wp-json\/wp\/v2\/product_tag?post=8676"}],"curies":[{"name":"wp","href":"https:\/\/api.w.org\/{rel}","templated":true}]}}