{"id":8647,"date":"2022-08-18T09:25:41","date_gmt":"2022-08-18T09:25:41","guid":{"rendered":"http:\/\/bulletproofboxs.com\/?post_type=product&#038;p=8647"},"modified":"2023-08-04T02:26:57","modified_gmt":"2023-08-04T02:26:57","slug":"camouflage-bulletproof-vest-6","status":"publish","type":"product","link":"https:\/\/bulletproofboxs.com\/it\/prodotto\/camouflage-bulletproof-vest-6\/","title":{"rendered":"FAPC TACTICAL FAST ATTACK PLATE CARRIER"},"content":{"rendered":"<h2 class=\"mainTitle\" style=\"text-align: center;\"><\/h2>\n<section id=\"featuresSection\" class=\"keyFeatures\">\n<div class=\"listBlock\">\n<div>\n<ul>\n<li>Overview<\/li>\n<li>The Fast Attack Plate Carrier was designed to meet the needs of operators who want a high mobility plate carrier with great load carrying capacity. The F.A.P.C. has 1\/4\u2033 closed cell foam in both the shoulders and upper torso regions to relieve load stress on the operator\u2019s back and shoulders.<\/li>\n<li><\/li>\n<li>Features<\/li>\n<li>It\u2019s mainly used for FAPC Ballistic Insert \/ ballistic plates Level NIJ IIIA plus, III or IV.<br \/>\nIt also allows for quick adjustments and modifications as loads, clothing or positions from walking to sitting in a vehicle change. To further the usefulness of the FAPC, we have created the FAST Attack RACK (F.A.R.). Adapting the F.A.R. will allow you to have your standalone plates or combination of your multi hit plates and optional ballistic Level 3A inserts as a plate backer, and the FAR for side ballistic protection as the ultimate in high speed and high mobility tactical platforms.<\/li>\n<li><\/li>\n<li>Specs<\/li>\n<li>FAPC-01 Ballistic Insert Measurements:<\/li>\n<li>Medium fits 250 X 300mm \/ 10\u2033 x 12\u2033 ballistic plates (regular size)<\/li>\n<\/ul>\n<\/div>\n<\/div>\n<\/section>","protected":false},"excerpt":{"rendered":"<p>Con un peso inferiore a uno smartphone medio, questo giubbotto antiproiettile pu\u00f2 essere indossato in missioni segrete e combattimenti aperti. Il design senza cuciture garantisce una vestibilit\u00e0 comoda a basso profilo, massimizzando i movimenti senza sacrificare la qualit\u00e0 o il comfort.<\/p>","protected":false},"featured_media":8670,"comment_status":"open","ping_status":"closed","template":"","meta":{"site-sidebar-layout":"default","site-content-layout":"default","ast-site-content-layout":"","site-content-style":"default","site-sidebar-style":"default","ast-global-header-display":"","ast-banner-title-visibility":"","ast-main-header-display":"","ast-hfb-above-header-display":"","ast-hfb-below-header-display":"","ast-hfb-mobile-header-display":"","site-post-title":"","ast-breadcrumbs-content":"","ast-featured-img":"","footer-sml-layout":"","theme-transparent-header-meta":"default","adv-header-id-meta":"","stick-header-meta":"default","header-above-stick-meta":"","header-main-stick-meta":"","header-below-stick-meta":"","astra-migrate-meta-layouts":""},"product_brand":[],"product_cat":[220],"product_tag":[38],"class_list":{"0":"post-8647","1":"product","2":"type-product","3":"status-publish","4":"has-post-thumbnail","6":"product_cat-plate-carriers","7":"product_tag-security","8":"desktop-align-left","9":"tablet-align-left","10":"mobile-align-left","11":"ast-product-gallery-layout-horizontal","12":"ast-product-single-variable","13":"ast-product-tabs-layout-horizontal","14":"ast-qv-on-image","16":"first","17":"instock","18":"sale","19":"shipping-taxable","20":"purchasable","21":"product-type-variable"},"_links":{"self":[{"href":"https:\/\/bulletproofboxs.com\/it\/wp-json\/wp\/v2\/product\/8647","targetHints":{"allow":["GET"]}}],"collection":[{"href":"https:\/\/bulletproofboxs.com\/it\/wp-json\/wp\/v2\/product"}],"about":[{"href":"https:\/\/bulletproofboxs.com\/it\/wp-json\/wp\/v2\/types\/product"}],"replies":[{"embeddable":true,"href":"https:\/\/bulletproofboxs.com\/it\/wp-json\/wp\/v2\/comments?post=8647"}],"wp:featuredmedia":[{"embeddable":true,"href":"https:\/\/bulletproofboxs.com\/it\/wp-json\/wp\/v2\/media\/8670"}],"wp:attachment":[{"href":"https:\/\/bulletproofboxs.com\/it\/wp-json\/wp\/v2\/media?parent=8647"}],"wp:term":[{"taxonomy":"product_brand","embeddable":true,"href":"https:\/\/bulletproofboxs.com\/it\/wp-json\/wp\/v2\/product_brand?post=8647"},{"taxonomy":"product_cat","embeddable":true,"href":"https:\/\/bulletproofboxs.com\/it\/wp-json\/wp\/v2\/product_cat?post=8647"},{"taxonomy":"product_tag","embeddable":true,"href":"https:\/\/bulletproofboxs.com\/it\/wp-json\/wp\/v2\/product_tag?post=8647"}],"curies":[{"name":"wp","href":"https:\/\/api.w.org\/{rel}","templated":true}]}}