{"id":5679,"date":"2022-08-13T02:20:12","date_gmt":"2022-08-13T02:20:12","guid":{"rendered":"http:\/\/bulletproofboxs.com\/?page_id=5679"},"modified":"2022-08-30T00:52:04","modified_gmt":"2022-08-30T00:52:04","slug":"shippings","status":"publish","type":"page","link":"https:\/\/bulletproofboxs.com\/it\/spedizioni\/","title":{"rendered":"Spedizione"},"content":{"rendered":"<div data-elementor-type=\"wp-page\" data-elementor-id=\"5679\" class=\"elementor elementor-5679\" data-elementor-post-type=\"page\">\n\t\t\t\t\t\t<section class=\"elementor-section elementor-top-section elementor-element elementor-element-33bd6a34 elementor-section-boxed elementor-section-height-default elementor-section-height-default exad-glass-effect-no exad-sticky-section-no\" data-id=\"33bd6a34\" data-element_type=\"section\">\n\t\t\t\t\t\t<div class=\"elementor-container elementor-column-gap-default\">\n\t\t\t\t\t<div class=\"elementor-column elementor-col-33 elementor-top-column elementor-element elementor-element-36b90b3f exad-glass-effect-no exad-sticky-section-no\" data-id=\"36b90b3f\" data-element_type=\"column\">\n\t\t\t<div class=\"elementor-widget-wrap elementor-element-populated\">\n\t\t\t\t\t\t<div class=\"elementor-element elementor-element-24c8899 elementor-align-left elementor-icon-list--layout-traditional elementor-list-item-link-full_width exad-sticky-section-no exad-glass-effect-no elementor-widget elementor-widget-icon-list\" data-id=\"24c8899\" data-element_type=\"widget\" data-widget_type=\"icon-list.default\">\n\t\t\t\t<div class=\"elementor-widget-container\">\n\t\t\t\t\t\t\t<ul class=\"elementor-icon-list-items\">\n\t\t\t\t\t\t\t<li class=\"elementor-icon-list-item\">\n\t\t\t\t\t\t\t\t\t\t\t<a href=\"https:\/\/bulletproofboxs.com\/it\/terms\/\">\n\n\t\t\t\t\t\t\t\t\t\t\t<span class=\"elementor-icon-list-text\">Termini<\/span>\n\t\t\t\t\t\t\t\t\t\t\t<\/a>\n\t\t\t\t\t\t\t\t\t<\/li>\n\t\t\t\t\t\t\t\t<li class=\"elementor-icon-list-item\">\n\t\t\t\t\t\t\t\t\t\t\t<a href=\"https:\/\/bulletproofboxs.com\/it\/politiche-2\/\">\n\n\t\t\t\t\t\t\t\t\t\t\t<span class=\"elementor-icon-list-text\">Politiche<\/span>\n\t\t\t\t\t\t\t\t\t\t\t<\/a>\n\t\t\t\t\t\t\t\t\t<\/li>\n\t\t\t\t\t\t\t\t<li class=\"elementor-icon-list-item\">\n\t\t\t\t\t\t\t\t\t\t\t<a href=\"https:\/\/bulletproofboxs.com\/it\/spedizioni\/\">\n\n\t\t\t\t\t\t\t\t\t\t\t<span class=\"elementor-icon-list-text\">Spedizione<\/span>\n\t\t\t\t\t\t\t\t\t\t\t<\/a>\n\t\t\t\t\t\t\t\t\t<\/li>\n\t\t\t\t\t\t\t\t<li class=\"elementor-icon-list-item\">\n\t\t\t\t\t\t\t\t\t\t\t<a href=\"https:\/\/bulletproofboxs.com\/it\/ritorna\/\">\n\n\t\t\t\t\t\t\t\t\t\t\t<span class=\"elementor-icon-list-text\">ritorna<\/span>\n\t\t\t\t\t\t\t\t\t\t\t<\/a>\n\t\t\t\t\t\t\t\t\t<\/li>\n\t\t\t\t\t\t\t\t<li class=\"elementor-icon-list-item\">\n\t\t\t\t\t\t\t\t\t\t\t<a href=\"https:\/\/bulletproofboxs.com\/it\/garanzie\/\">\n\n\t\t\t\t\t\t\t\t\t\t\t<span class=\"elementor-icon-list-text\">Garanzie<\/span>\n\t\t\t\t\t\t\t\t\t\t\t<\/a>\n\t\t\t\t\t\t\t\t\t<\/li>\n\t\t\t\t\t\t<\/ul>\n\t\t\t\t\t\t<\/div>\n\t\t\t\t<\/div>\n\t\t\t\t\t<\/div>\n\t\t<\/div>\n\t\t\t\t<div class=\"elementor-column elementor-col-66 elementor-top-column elementor-element elementor-element-94c3da3 exad-glass-effect-no exad-sticky-section-no\" data-id=\"94c3da3\" data-element_type=\"column\">\n\t\t\t<div class=\"elementor-widget-wrap elementor-element-populated\">\n\t\t\t\t\t\t<div class=\"elementor-element elementor-element-bf818ee exad-sticky-section-no exad-glass-effect-no elementor-widget elementor-widget-heading\" data-id=\"bf818ee\" data-element_type=\"widget\" data-widget_type=\"heading.default\">\n\t\t\t\t<div class=\"elementor-widget-container\">\n\t\t\t\t\t<h2 class=\"elementor-heading-title elementor-size-default\">Spedizione<\/h2>\t\t\t\t<\/div>\n\t\t\t\t<\/div>\n\t\t\t\t<div class=\"elementor-element elementor-element-52016483 exad-sticky-section-no exad-glass-effect-no elementor-widget elementor-widget-text-editor\" data-id=\"52016483\" data-element_type=\"widget\" data-widget_type=\"text-editor.default\">\n\t\t\t\t<div class=\"elementor-widget-container\">\n\t\t\t\t\t\t\t\t\t<p>\u2013 L&#039;elaborazione degli ordini pu\u00f2 richiedere dalle 24 alle 72 ore, una volta che l&#039;ordine \u00e8 stato elaborato, riceverai un&#039;e-mail di conferma che l&#039;ordine \u00e8 stato spedito<br \/>\u2013 Spese e tempi di spedizione iniziano quando ricevi l&#039;e-mail di conferma della spedizione<br \/>\u2013 Potrebbe essere necessaria un&#039;ulteriore convalida per alcuni ordini e pu\u00f2 ritardare la consegna<br \/>\u2013 Necessaria firma<br \/>\u2013 Per tracciare il tuo ordine, visita il tuo account o l&#039;e-mail di conferma della spedizione.<\/p><p>-Tasse e spese di importazione<\/p><p>Potrebbe essere richiesto di pagare l&#039;imposta sul valore aggiunto\/imposta sull&#039;importazione, con\/senza addebito dell&#039;intermediario alla consegna, tutti i costi mostrati al momento del pagamento sono il costo netto dei prodotti e della spedizione, non include l&#039;IVA o la tassa di importazione, fare riferimento all&#039;importazione del proprio paese legislazione e non esitare a contattarci in caso di domande.<\/p>\t\t\t\t\t\t\t\t<\/div>\n\t\t\t\t<\/div>\n\t\t\t\t\t<\/div>\n\t\t<\/div>\n\t\t\t\t\t<\/div>\n\t\t<\/section>\n\t\t\t\t<\/div>","protected":false},"excerpt":{"rendered":"<p>Terms Policies Shipping Returns Warranties Shipping &#8211;\u00a0Orders\u00a0may\u00a0take\u00a024\u00a0to\u00a072\u00a0hours\u00a0to\u00a0process,\u00a0once\u00a0your\u00a0order\u00a0has\u00a0been\u00a0processed\u00a0you\u00a0will\u00a0receive\u00a0an\u00a0email\u00a0confirming\u00a0your\u00a0order\u00a0has\u00a0shipped&#8211;\u00a0Shipping\u00a0Fees\u00a0&amp;\u00a0Timing\u00a0begin\u00a0when\u00a0you\u00a0receive\u00a0the\u00a0shipping\u00a0confirmation\u00a0email&#8211;\u00a0Additional\u00a0validation\u00a0may\u00a0be\u00a0required\u00a0for\u00a0some\u00a0orders\u00a0and\u00a0can\u00a0delay\u00a0delivery&#8211;\u00a0Signature\u00a0required&#8211; To track your order, visit your account or shipping confirmation email. -Tax &amp; Import charges You might be required to pay Value Added Tax\/Import tax, with\/without broker charge on delivery, all costs shown at checkout are net cost of the products and shipping, does not include any VAT &hellip;<\/p>\n<p class=\"read-more\"> <a class=\"\" href=\"https:\/\/bulletproofboxs.com\/it\/spedizioni\/\"> <span class=\"screen-reader-text\">Spedizione<\/span> Leggi tutto \u00bb<\/a><\/p>","protected":false},"author":1,"featured_media":0,"parent":0,"menu_order":0,"comment_status":"closed","ping_status":"closed","template":"","meta":{"site-sidebar-layout":"no-sidebar","site-content-layout":"page-builder","ast-site-content-layout":"","site-content-style":"default","site-sidebar-style":"default","ast-global-header-display":"","ast-banner-title-visibility":"","ast-main-header-display":"","ast-hfb-above-header-display":"","ast-hfb-below-header-display":"","ast-hfb-mobile-header-display":"","site-post-title":"disabled","ast-breadcrumbs-content":"","ast-featured-img":"disabled","footer-sml-layout":"","theme-transparent-header-meta":"","adv-header-id-meta":"","stick-header-meta":"","header-above-stick-meta":"","header-main-stick-meta":"","header-below-stick-meta":"","astra-migrate-meta-layouts":"","footnotes":""},"class_list":["post-5679","page","type-page","status-publish","hentry"],"_links":{"self":[{"href":"https:\/\/bulletproofboxs.com\/it\/wp-json\/wp\/v2\/pages\/5679","targetHints":{"allow":["GET"]}}],"collection":[{"href":"https:\/\/bulletproofboxs.com\/it\/wp-json\/wp\/v2\/pages"}],"about":[{"href":"https:\/\/bulletproofboxs.com\/it\/wp-json\/wp\/v2\/types\/page"}],"author":[{"embeddable":true,"href":"https:\/\/bulletproofboxs.com\/it\/wp-json\/wp\/v2\/users\/1"}],"replies":[{"embeddable":true,"href":"https:\/\/bulletproofboxs.com\/it\/wp-json\/wp\/v2\/comments?post=5679"}],"version-history":[{"count":11,"href":"https:\/\/bulletproofboxs.com\/it\/wp-json\/wp\/v2\/pages\/5679\/revisions"}],"predecessor-version":[{"id":9196,"href":"https:\/\/bulletproofboxs.com\/it\/wp-json\/wp\/v2\/pages\/5679\/revisions\/9196"}],"wp:attachment":[{"href":"https:\/\/bulletproofboxs.com\/it\/wp-json\/wp\/v2\/media?parent=5679"}],"curies":[{"name":"wp","href":"https:\/\/api.w.org\/{rel}","templated":true}]}}