{"id":9210,"date":"2022-08-31T08:33:00","date_gmt":"2022-08-31T08:33:00","guid":{"rendered":"https:\/\/bulletproofboxs.com\/?post_type=product&#038;p=9210"},"modified":"2023-07-28T08:57:26","modified_gmt":"2023-07-28T08:57:26","slug":"ballistic-bulletproof-plate-nij-level-3-nij-0101-07","status":"publish","type":"product","link":"https:\/\/bulletproofboxs.com\/fr\/produit\/plaque-ballistique-pare-balles-nij-niveau-3-nij-0101-07\/","title":{"rendered":"Ballistic Bulletproof Plate NIJ level 3 NIJ 0101 07"},"content":{"rendered":"<p>Features &amp; Benefits:<\/p>\n<p>NIJ Level III Hard Armor: Tested to protect against rifle threats up to a 7.62 mm FMJ steel jacketed (SJ) round.<br \/>\nStandard Shooters Cut: For ease of use and compatibility with most standard plate carriers.<br \/>\nUltra-high Molecular-Weight Polyethylene (UHMWPE): For durable and long lasting protection.<br \/>\n7lbs, 0.75&#8243; Thick: A reasonable weight and thickness for life-saving protection<\/p>\n<p>Product specifications:<br \/>\nArmor panel size: 10\u201dx12\u201d Shooters Cut<br \/>\nWeight: 7lbs<br \/>\nThickness: 0.75&#8243;<br \/>\nArmor material: Ultra-high Molecular-Weight Polyethylene (UHMWPE)<br \/>\nTested to the NIJ0101.06 Level IIIA standards<\/p>","protected":false},"excerpt":{"rendered":"<p>Prot\u00e9gez votre estomac et tout ce qui l&#039;entoure des balles et des \u00e9clats d&#039;obus tout en offrant encore plus d&#039;espace pour votre \u00e9quipement modulaire<\/p>","protected":false},"featured_media":9224,"comment_status":"open","ping_status":"closed","template":"","meta":{"site-sidebar-layout":"default","site-content-layout":"default","ast-site-content-layout":"","site-content-style":"default","site-sidebar-style":"default","ast-global-header-display":"","ast-banner-title-visibility":"","ast-main-header-display":"","ast-hfb-above-header-display":"","ast-hfb-below-header-display":"","ast-hfb-mobile-header-display":"","site-post-title":"","ast-breadcrumbs-content":"","ast-featured-img":"","footer-sml-layout":"","theme-transparent-header-meta":"default","adv-header-id-meta":"","stick-header-meta":"default","header-above-stick-meta":"","header-main-stick-meta":"","header-below-stick-meta":"","astra-migrate-meta-layouts":""},"product_brand":[],"product_cat":[32,194,226],"product_tag":[],"class_list":{"0":"post-9210","1":"product","2":"type-product","3":"status-publish","4":"has-post-thumbnail","6":"product_cat-bulletproof-insert","7":"product_cat-hard-armor-panels","8":"product_cat-level-iii-plates","9":"desktop-align-left","10":"tablet-align-left","11":"mobile-align-left","12":"ast-product-gallery-layout-horizontal","13":"ast-product-tabs-layout-horizontal","14":"ast-qv-on-image","16":"first","17":"instock","18":"sale","19":"shipping-taxable","20":"purchasable","21":"product-type-simple"},"_links":{"self":[{"href":"https:\/\/bulletproofboxs.com\/fr\/wp-json\/wp\/v2\/product\/9210","targetHints":{"allow":["GET"]}}],"collection":[{"href":"https:\/\/bulletproofboxs.com\/fr\/wp-json\/wp\/v2\/product"}],"about":[{"href":"https:\/\/bulletproofboxs.com\/fr\/wp-json\/wp\/v2\/types\/product"}],"replies":[{"embeddable":true,"href":"https:\/\/bulletproofboxs.com\/fr\/wp-json\/wp\/v2\/comments?post=9210"}],"wp:featuredmedia":[{"embeddable":true,"href":"https:\/\/bulletproofboxs.com\/fr\/wp-json\/wp\/v2\/media\/9224"}],"wp:attachment":[{"href":"https:\/\/bulletproofboxs.com\/fr\/wp-json\/wp\/v2\/media?parent=9210"}],"wp:term":[{"taxonomy":"product_brand","embeddable":true,"href":"https:\/\/bulletproofboxs.com\/fr\/wp-json\/wp\/v2\/product_brand?post=9210"},{"taxonomy":"product_cat","embeddable":true,"href":"https:\/\/bulletproofboxs.com\/fr\/wp-json\/wp\/v2\/product_cat?post=9210"},{"taxonomy":"product_tag","embeddable":true,"href":"https:\/\/bulletproofboxs.com\/fr\/wp-json\/wp\/v2\/product_tag?post=9210"}],"curies":[{"name":"wp","href":"https:\/\/api.w.org\/{rel}","templated":true}]}}