{"id":5516,"date":"2022-08-12T23:04:25","date_gmt":"2022-08-12T23:04:25","guid":{"rendered":"http:\/\/bulletproofboxs.com\/?page_id=5516"},"modified":"2022-08-12T23:11:32","modified_gmt":"2022-08-12T23:11:32","slug":"technology","status":"publish","type":"page","link":"https:\/\/bulletproofboxs.com\/fr\/la-technologie\/","title":{"rendered":"Technologie"},"content":{"rendered":"<div data-elementor-type=\"wp-page\" data-elementor-id=\"5516\" class=\"elementor elementor-5516\" data-elementor-post-type=\"page\">\n\t\t\t\t\t\t<section class=\"elementor-section elementor-top-section elementor-element elementor-element-7ff64a0a elementor-section-boxed elementor-section-height-default elementor-section-height-default exad-glass-effect-no exad-sticky-section-no\" data-id=\"7ff64a0a\" data-element_type=\"section\">\n\t\t\t\t\t\t<div class=\"elementor-container elementor-column-gap-default\">\n\t\t\t\t\t<div class=\"elementor-column elementor-col-100 elementor-top-column elementor-element elementor-element-3c97a5ad exad-glass-effect-no exad-sticky-section-no\" data-id=\"3c97a5ad\" data-element_type=\"column\">\n\t\t\t<div class=\"elementor-widget-wrap elementor-element-populated\">\n\t\t\t\t\t\t<div class=\"elementor-element elementor-element-2474d1f3 exad-sticky-section-no exad-glass-effect-no elementor-widget elementor-widget-heading\" data-id=\"2474d1f3\" data-element_type=\"widget\" data-widget_type=\"heading.default\">\n\t\t\t\t<div class=\"elementor-widget-container\">\n\t\t\t\t\t<h3 class=\"elementor-heading-title elementor-size-default\">TECHNOLOGIE ET QUALIT\u00c9<\/h3>\t\t\t\t<\/div>\n\t\t\t\t<\/div>\n\t\t\t\t<div class=\"elementor-element elementor-element-4de16eaa exad-sticky-section-no exad-glass-effect-no elementor-widget elementor-widget-spacer\" data-id=\"4de16eaa\" data-element_type=\"widget\" data-widget_type=\"spacer.default\">\n\t\t\t\t<div class=\"elementor-widget-container\">\n\t\t\t\t\t\t\t<div class=\"elementor-spacer\">\n\t\t\t<div class=\"elementor-spacer-inner\"><\/div>\n\t\t<\/div>\n\t\t\t\t\t\t<\/div>\n\t\t\t\t<\/div>\n\t\t\t\t<div class=\"elementor-element elementor-element-6c6d959f exad-sticky-section-no exad-glass-effect-no elementor-widget elementor-widget-text-editor\" data-id=\"6c6d959f\" data-element_type=\"widget\" data-widget_type=\"text-editor.default\">\n\t\t\t\t<div class=\"elementor-widget-container\">\n\t\t\t\t\t\t\t\t\t<p>Un d\u00e9vouement in\u00e9branlable \u00e0 la qualit\u00e9 est au c\u0153ur de chaque \u00e9tape de la production - une mentalit\u00e9 anim\u00e9e et renforc\u00e9e par notre \u00e9quipe passionn\u00e9e. Nous savons que chaque couture, soudure et coupe a un impact direct sur les hommes et les femmes courageux qui d\u00e9fendent la libert\u00e9, une responsabilit\u00e9 humble qui motive notre innovation constante et notre souci du d\u00e9tail.<\/p>\t\t\t\t\t\t\t\t<\/div>\n\t\t\t\t<\/div>\n\t\t\t\t<div class=\"elementor-element elementor-element-51064fa7 elementor-widget-divider--view-line exad-sticky-section-no exad-glass-effect-no elementor-widget elementor-widget-divider\" data-id=\"51064fa7\" data-element_type=\"widget\" data-widget_type=\"divider.default\">\n\t\t\t\t<div class=\"elementor-widget-container\">\n\t\t\t\t\t\t\t<div class=\"elementor-divider\">\n\t\t\t<span class=\"elementor-divider-separator\">\n\t\t\t\t\t\t<\/span>\n\t\t<\/div>\n\t\t\t\t\t\t<\/div>\n\t\t\t\t<\/div>\n\t\t\t\t<div class=\"elementor-element elementor-element-df73125 exad-sticky-section-no exad-glass-effect-no elementor-widget elementor-widget-video\" data-id=\"df73125\" data-element_type=\"widget\" data-settings=\"{&quot;youtube_url&quot;:&quot;https:\\\/\\\/www.youtube.com\\\/watch?v=XHOmBV4js_E&quot;,&quot;video_type&quot;:&quot;youtube&quot;,&quot;controls&quot;:&quot;yes&quot;}\" data-widget_type=\"video.default\">\n\t\t\t\t<div class=\"elementor-widget-container\">\n\t\t\t\t\t\t\t<div class=\"elementor-wrapper elementor-open-inline\">\n\t\t\t<div class=\"elementor-video\"><\/div>\t\t<\/div>\n\t\t\t\t\t\t<\/div>\n\t\t\t\t<\/div>\n\t\t\t\t<div class=\"elementor-element elementor-element-6569c4e5 elementor-widget-divider--view-line exad-sticky-section-no exad-glass-effect-no elementor-widget elementor-widget-divider\" data-id=\"6569c4e5\" data-element_type=\"widget\" data-widget_type=\"divider.default\">\n\t\t\t\t<div class=\"elementor-widget-container\">\n\t\t\t\t\t\t\t<div class=\"elementor-divider\">\n\t\t\t<span class=\"elementor-divider-separator\">\n\t\t\t\t\t\t<\/span>\n\t\t<\/div>\n\t\t\t\t\t\t<\/div>\n\t\t\t\t<\/div>\n\t\t\t\t<div class=\"elementor-element elementor-element-133acd03 exad-sticky-section-no exad-glass-effect-no elementor-widget elementor-widget-text-editor\" data-id=\"133acd03\" data-element_type=\"widget\" data-widget_type=\"text-editor.default\">\n\t\t\t\t<div class=\"elementor-widget-container\">\n\t\t\t\t\t\t\t\t\t<p>Nos produits sont test\u00e9s dans les circonstances les plus difficiles - con\u00e7us pour fonctionner dans des conditions r\u00e9elles d\u00e9favorables, plut\u00f4t que dans la s\u00e9curit\u00e9 aseptis\u00e9e d&#039;un laboratoire.<\/p><p><br \/>Chez LangDun\u2122, nous confions nos vies \u00e0 nos produits, une conviction que notre \u00e9quipe est fi\u00e8re de prouver.<\/p>\t\t\t\t\t\t\t\t<\/div>\n\t\t\t\t<\/div>\n\t\t\t\t<div class=\"elementor-element elementor-element-20a78ef8 exad-sticky-section-no exad-glass-effect-no elementor-widget elementor-widget-heading\" data-id=\"20a78ef8\" data-element_type=\"widget\" data-widget_type=\"heading.default\">\n\t\t\t\t<div class=\"elementor-widget-container\">\n\t\t\t\t\t<h3 class=\"elementor-heading-title elementor-size-default\">Mat\u00e9riaux<\/h3>\t\t\t\t<\/div>\n\t\t\t\t<\/div>\n\t\t\t\t<div class=\"elementor-element elementor-element-2e28daf8 exad-sticky-section-no exad-glass-effect-no elementor-widget elementor-widget-spacer\" data-id=\"2e28daf8\" data-element_type=\"widget\" data-widget_type=\"spacer.default\">\n\t\t\t\t<div class=\"elementor-widget-container\">\n\t\t\t\t\t\t\t<div class=\"elementor-spacer\">\n\t\t\t<div class=\"elementor-spacer-inner\"><\/div>\n\t\t<\/div>\n\t\t\t\t\t\t<\/div>\n\t\t\t\t<\/div>\n\t\t\t\t<div class=\"elementor-element elementor-element-85e6f9d exad-sticky-section-no exad-glass-effect-no elementor-widget elementor-widget-text-editor\" data-id=\"85e6f9d\" data-element_type=\"widget\" data-widget_type=\"text-editor.default\">\n\t\t\t\t<div class=\"elementor-widget-container\">\n\t\t\t\t\t\t\t\t\t<p>Nous utilisons des composants des principaux fabricants, garantissant une fonctionnalit\u00e9, une durabilit\u00e9 et une long\u00e9vit\u00e9 sans compromis dans les conditions de combat. De cette mani\u00e8re, nos produits sont construits avec une qualit\u00e9 robuste sur laquelle vous pouvez compter.<\/p>\t\t\t\t\t\t\t\t<\/div>\n\t\t\t\t<\/div>\n\t\t\t\t<div class=\"elementor-element elementor-element-4f834528 exad-sticky-section-no exad-glass-effect-no elementor-widget elementor-widget-image\" data-id=\"4f834528\" data-element_type=\"widget\" data-widget_type=\"image.default\">\n\t\t\t\t<div class=\"elementor-widget-container\">\n\t\t\t\t\t\t\t\t\t\t\t\t\t\t\t<img fetchpriority=\"high\" decoding=\"async\" width=\"1024\" height=\"832\" src=\"https:\/\/bulletproofboxs.com\/wp-content\/uploads\/2022\/08\/logo-1-1024x832-1.jpg\" class=\"attachment-large size-large wp-image-5520\" alt=\"\" srcset=\"https:\/\/bulletproofboxs.com\/wp-content\/uploads\/2022\/08\/logo-1-1024x832-1.jpg 1024w, https:\/\/bulletproofboxs.com\/wp-content\/uploads\/2022\/08\/logo-1-1024x832-1-300x244.jpg 300w, https:\/\/bulletproofboxs.com\/wp-content\/uploads\/2022\/08\/logo-1-1024x832-1-768x624.jpg 768w, https:\/\/bulletproofboxs.com\/wp-content\/uploads\/2022\/08\/logo-1-1024x832-1-600x488.jpg 600w\" sizes=\"(max-width: 1024px) 100vw, 1024px\" \/>\t\t\t\t\t\t\t\t\t\t\t\t\t\t\t<\/div>\n\t\t\t\t<\/div>\n\t\t\t\t<div class=\"elementor-element elementor-element-78bd0381 elementor-widget-divider--view-line exad-sticky-section-no exad-glass-effect-no elementor-widget elementor-widget-divider\" data-id=\"78bd0381\" data-element_type=\"widget\" data-widget_type=\"divider.default\">\n\t\t\t\t<div class=\"elementor-widget-container\">\n\t\t\t\t\t\t\t<div class=\"elementor-divider\">\n\t\t\t<span class=\"elementor-divider-separator\">\n\t\t\t\t\t\t<\/span>\n\t\t<\/div>\n\t\t\t\t\t\t<\/div>\n\t\t\t\t<\/div>\n\t\t\t\t<div class=\"elementor-element elementor-element-4e320b31 exad-sticky-section-no exad-glass-effect-no elementor-widget elementor-widget-heading\" data-id=\"4e320b31\" data-element_type=\"widget\" data-widget_type=\"heading.default\">\n\t\t\t\t<div class=\"elementor-widget-container\">\n\t\t\t\t\t<h3 class=\"elementor-heading-title elementor-size-default\">Fabrication<\/h3>\t\t\t\t<\/div>\n\t\t\t\t<\/div>\n\t\t\t\t<div class=\"elementor-element elementor-element-5e354274 exad-sticky-section-no exad-glass-effect-no elementor-widget elementor-widget-spacer\" data-id=\"5e354274\" data-element_type=\"widget\" data-widget_type=\"spacer.default\">\n\t\t\t\t<div class=\"elementor-widget-container\">\n\t\t\t\t\t\t\t<div class=\"elementor-spacer\">\n\t\t\t<div class=\"elementor-spacer-inner\"><\/div>\n\t\t<\/div>\n\t\t\t\t\t\t<\/div>\n\t\t\t\t<\/div>\n\t\t\t\t<div class=\"elementor-element elementor-element-69deba73 exad-sticky-section-no exad-glass-effect-no elementor-widget elementor-widget-text-editor\" data-id=\"69deba73\" data-element_type=\"widget\" data-widget_type=\"text-editor.default\">\n\t\t\t\t<div class=\"elementor-widget-container\">\n\t\t\t\t\t\t\t\t\t<p>Depuis notre naissance en 2014, nous avons construit une \u00e9quipe incassable de professionnels passionn\u00e9s et une usine de production de pointe - produisant des gilets pare-balles et des armures tactiques \u00e0 la pointe de l&#039;industrie. La plupart de nos produits sont fabriqu\u00e9s \u00e0 la main par des sp\u00e9cialistes qualifi\u00e9s, utilisant des techniques et des \u00e9quipements modernes.<\/p>\t\t\t\t\t\t\t\t<\/div>\n\t\t\t\t<\/div>\n\t\t\t\t<div class=\"elementor-element elementor-element-a76406f elementor-widget-divider--view-line exad-sticky-section-no exad-glass-effect-no elementor-widget elementor-widget-divider\" data-id=\"a76406f\" data-element_type=\"widget\" data-widget_type=\"divider.default\">\n\t\t\t\t<div class=\"elementor-widget-container\">\n\t\t\t\t\t\t\t<div class=\"elementor-divider\">\n\t\t\t<span class=\"elementor-divider-separator\">\n\t\t\t\t\t\t<\/span>\n\t\t<\/div>\n\t\t\t\t\t\t<\/div>\n\t\t\t\t<\/div>\n\t\t\t\t<div class=\"elementor-element elementor-element-39818c65 exad-sticky-section-no exad-glass-effect-no elementor-widget elementor-widget-image\" data-id=\"39818c65\" data-element_type=\"widget\" data-widget_type=\"image.default\">\n\t\t\t\t<div class=\"elementor-widget-container\">\n\t\t\t\t\t\t\t\t\t\t\t\t\t\t\t<img decoding=\"async\" width=\"630\" height=\"600\" src=\"https:\/\/bulletproofboxs.com\/wp-content\/uploads\/2022\/08\/Technology-and-Quality.jpg\" class=\"attachment-large size-large wp-image-5521\" alt=\"\" srcset=\"https:\/\/bulletproofboxs.com\/wp-content\/uploads\/2022\/08\/Technology-and-Quality.jpg 630w, https:\/\/bulletproofboxs.com\/wp-content\/uploads\/2022\/08\/Technology-and-Quality-300x286.jpg 300w, https:\/\/bulletproofboxs.com\/wp-content\/uploads\/2022\/08\/Technology-and-Quality-600x571.jpg 600w\" sizes=\"(max-width: 630px) 100vw, 630px\" \/>\t\t\t\t\t\t\t\t\t\t\t\t\t\t\t<\/div>\n\t\t\t\t<\/div>\n\t\t\t\t<div class=\"elementor-element elementor-element-a92b0d8 exad-sticky-section-no exad-glass-effect-no elementor-widget elementor-widget-image\" data-id=\"a92b0d8\" data-element_type=\"widget\" data-widget_type=\"image.default\">\n\t\t\t\t<div class=\"elementor-widget-container\">\n\t\t\t\t\t\t\t\t\t\t\t\t\t\t\t<img decoding=\"async\" width=\"630\" height=\"600\" src=\"https:\/\/bulletproofboxs.com\/wp-content\/uploads\/2022\/08\/Technology-and-Quality-1.jpg\" class=\"attachment-large size-large wp-image-5522\" alt=\"\" srcset=\"https:\/\/bulletproofboxs.com\/wp-content\/uploads\/2022\/08\/Technology-and-Quality-1.jpg 630w, https:\/\/bulletproofboxs.com\/wp-content\/uploads\/2022\/08\/Technology-and-Quality-1-300x286.jpg 300w, https:\/\/bulletproofboxs.com\/wp-content\/uploads\/2022\/08\/Technology-and-Quality-1-600x571.jpg 600w\" sizes=\"(max-width: 630px) 100vw, 630px\" \/>\t\t\t\t\t\t\t\t\t\t\t\t\t\t\t<\/div>\n\t\t\t\t<\/div>\n\t\t\t\t<div class=\"elementor-element elementor-element-47a1a53b elementor-widget-divider--view-line exad-sticky-section-no exad-glass-effect-no elementor-widget elementor-widget-divider\" data-id=\"47a1a53b\" data-element_type=\"widget\" data-widget_type=\"divider.default\">\n\t\t\t\t<div class=\"elementor-widget-container\">\n\t\t\t\t\t\t\t<div class=\"elementor-divider\">\n\t\t\t<span class=\"elementor-divider-separator\">\n\t\t\t\t\t\t<\/span>\n\t\t<\/div>\n\t\t\t\t\t\t<\/div>\n\t\t\t\t<\/div>\n\t\t\t\t<div class=\"elementor-element elementor-element-673008d6 exad-sticky-section-no exad-glass-effect-no elementor-widget elementor-widget-text-editor\" data-id=\"673008d6\" data-element_type=\"widget\" data-widget_type=\"text-editor.default\">\n\t\t\t\t<div class=\"elementor-widget-container\">\n\t\t\t\t\t\t\t\t\t<p>En gardant un \u0153il attentif sur les tendances et les normes mondiales, testez en permanence de nouvelles technologies, de nouveaux mat\u00e9riaux et de nouveaux processus de fabrication, afin que nos clients ne re\u00e7oivent que le meilleur. Con\u00e7ue pour d\u00e9fendre ceux qui d\u00e9fendent notre libert\u00e9, la qualit\u00e9 n&#039;est pas un choix, c&#039;est une n\u00e9cessit\u00e9 de notre gagne-pain.<\/p>\t\t\t\t\t\t\t\t<\/div>\n\t\t\t\t<\/div>\n\t\t\t\t<div class=\"elementor-element elementor-element-3473ad0 exad-sticky-section-no exad-glass-effect-no elementor-widget elementor-widget-heading\" data-id=\"3473ad0\" data-element_type=\"widget\" data-widget_type=\"heading.default\">\n\t\t\t\t<div class=\"elementor-widget-container\">\n\t\t\t\t\t<h3 class=\"elementor-heading-title elementor-size-default\">D\u00e9veloppement<\/h3>\t\t\t\t<\/div>\n\t\t\t\t<\/div>\n\t\t\t\t<div class=\"elementor-element elementor-element-30ae791 exad-sticky-section-no exad-glass-effect-no elementor-widget elementor-widget-spacer\" data-id=\"30ae791\" data-element_type=\"widget\" data-widget_type=\"spacer.default\">\n\t\t\t\t<div class=\"elementor-widget-container\">\n\t\t\t\t\t\t\t<div class=\"elementor-spacer\">\n\t\t\t<div class=\"elementor-spacer-inner\"><\/div>\n\t\t<\/div>\n\t\t\t\t\t\t<\/div>\n\t\t\t\t<\/div>\n\t\t\t\t<div class=\"elementor-element elementor-element-cf42fc3 exad-sticky-section-no exad-glass-effect-no elementor-widget elementor-widget-text-editor\" data-id=\"cf42fc3\" data-element_type=\"widget\" data-widget_type=\"text-editor.default\">\n\t\t\t\t<div class=\"elementor-widget-container\">\n\t\t\t\t\t\t\t\t\t<p>Avec un d\u00e9vouement in\u00e9branlable aux tests sur le terrain avec les forces arm\u00e9es actives, nous avons appris \u00e0 int\u00e9grer les normes \u00e9lev\u00e9es des fabricants modernes aux exigences de combat du monde r\u00e9el. En tant que producteur agr\u00e9\u00e9 et internationalement reconnu de protection balistique, chaque produit est soumis \u00e0 des tests approfondis pour s&#039;assurer qu&#039;il respecte et d\u00e9passe les exigences de l&#039;industrie.<\/p>\t\t\t\t\t\t\t\t<\/div>\n\t\t\t\t<\/div>\n\t\t\t\t<div class=\"elementor-element elementor-element-b4c40b2 elementor-widget-divider--view-line exad-sticky-section-no exad-glass-effect-no elementor-widget elementor-widget-divider\" data-id=\"b4c40b2\" data-element_type=\"widget\" data-widget_type=\"divider.default\">\n\t\t\t\t<div class=\"elementor-widget-container\">\n\t\t\t\t\t\t\t<div class=\"elementor-divider\">\n\t\t\t<span class=\"elementor-divider-separator\">\n\t\t\t\t\t\t<\/span>\n\t\t<\/div>\n\t\t\t\t\t\t<\/div>\n\t\t\t\t<\/div>\n\t\t\t\t<div class=\"elementor-element elementor-element-46bfa90d exad-sticky-section-no exad-glass-effect-no elementor-widget elementor-widget-image\" data-id=\"46bfa90d\" data-element_type=\"widget\" data-widget_type=\"image.default\">\n\t\t\t\t<div class=\"elementor-widget-container\">\n\t\t\t\t\t\t\t\t\t\t\t\t\t\t\t<img loading=\"lazy\" decoding=\"async\" width=\"1024\" height=\"683\" src=\"https:\/\/bulletproofboxs.com\/wp-content\/uploads\/2022\/08\/DSC4898-1024x683-1.jpg\" class=\"attachment-large size-large wp-image-5526\" alt=\"\" srcset=\"https:\/\/bulletproofboxs.com\/wp-content\/uploads\/2022\/08\/DSC4898-1024x683-1.jpg 1024w, https:\/\/bulletproofboxs.com\/wp-content\/uploads\/2022\/08\/DSC4898-1024x683-1-300x200.jpg 300w, https:\/\/bulletproofboxs.com\/wp-content\/uploads\/2022\/08\/DSC4898-1024x683-1-768x512.jpg 768w, https:\/\/bulletproofboxs.com\/wp-content\/uploads\/2022\/08\/DSC4898-1024x683-1-600x400.jpg 600w\" sizes=\"(max-width: 1024px) 100vw, 1024px\" \/>\t\t\t\t\t\t\t\t\t\t\t\t\t\t\t<\/div>\n\t\t\t\t<\/div>\n\t\t\t\t<div class=\"elementor-element elementor-element-52d80768 elementor-widget-divider--view-line exad-sticky-section-no exad-glass-effect-no elementor-widget elementor-widget-divider\" data-id=\"52d80768\" data-element_type=\"widget\" data-widget_type=\"divider.default\">\n\t\t\t\t<div class=\"elementor-widget-container\">\n\t\t\t\t\t\t\t<div class=\"elementor-divider\">\n\t\t\t<span class=\"elementor-divider-separator\">\n\t\t\t\t\t\t<\/span>\n\t\t<\/div>\n\t\t\t\t\t\t<\/div>\n\t\t\t\t<\/div>\n\t\t\t\t<div class=\"elementor-element elementor-element-13a6a612 exad-sticky-section-no exad-glass-effect-no elementor-widget elementor-widget-text-editor\" data-id=\"13a6a612\" data-element_type=\"widget\" data-widget_type=\"text-editor.default\">\n\t\t\t\t<div class=\"elementor-widget-container\">\n\t\t\t\t\t\t\t\t\t<p>En plus des tests de conformit\u00e9 normalis\u00e9s NIJ et OTAN STANAG, nous testons \u00e9galement notre armure contre les balles russes les plus dommageables - pour une meilleure compr\u00e9hension des performances dans le monde r\u00e9el. Notre proximit\u00e9 avec les conflits arm\u00e9s nous permet de tester rapidement des \u00e9chantillons dans des conditions de combat r\u00e9elles, en utilisant les commentaires des militaires, des forces sp\u00e9ciales et des forces de l&#039;ordre pour optimiser et am\u00e9liorer constamment nos produits.<\/p>\t\t\t\t\t\t\t\t<\/div>\n\t\t\t\t<\/div>\n\t\t\t\t<div class=\"elementor-element elementor-element-171f5f6e elementor-widget-divider--view-line exad-sticky-section-no exad-glass-effect-no elementor-widget elementor-widget-divider\" data-id=\"171f5f6e\" data-element_type=\"widget\" data-widget_type=\"divider.default\">\n\t\t\t\t<div class=\"elementor-widget-container\">\n\t\t\t\t\t\t\t<div class=\"elementor-divider\">\n\t\t\t<span class=\"elementor-divider-separator\">\n\t\t\t\t\t\t<\/span>\n\t\t<\/div>\n\t\t\t\t\t\t<\/div>\n\t\t\t\t<\/div>\n\t\t\t\t<div class=\"elementor-element elementor-element-17c2f89f exad-sticky-section-no exad-glass-effect-no elementor-widget elementor-widget-image\" data-id=\"17c2f89f\" data-element_type=\"widget\" data-widget_type=\"image.default\">\n\t\t\t\t<div class=\"elementor-widget-container\">\n\t\t\t\t\t\t\t\t\t\t\t\t\t\t\t<img loading=\"lazy\" decoding=\"async\" width=\"458\" height=\"100\" src=\"https:\/\/bulletproofboxs.com\/wp-content\/uploads\/2022\/08\/logo.png\" class=\"attachment-large size-large wp-image-5509\" alt=\"\" srcset=\"https:\/\/bulletproofboxs.com\/wp-content\/uploads\/2022\/08\/logo.png 458w, https:\/\/bulletproofboxs.com\/wp-content\/uploads\/2022\/08\/logo-300x66.png 300w, https:\/\/bulletproofboxs.com\/wp-content\/uploads\/2022\/08\/logo-18x4.png 18w, https:\/\/bulletproofboxs.com\/wp-content\/uploads\/2022\/08\/logo-129x28.png 129w\" sizes=\"(max-width: 458px) 100vw, 458px\" \/>\t\t\t\t\t\t\t\t\t\t\t\t\t\t\t<\/div>\n\t\t\t\t<\/div>\n\t\t\t\t\t<\/div>\n\t\t<\/div>\n\t\t\t\t\t<\/div>\n\t\t<\/section>\n\t\t\t\t<\/div>","protected":false},"excerpt":{"rendered":"<p>TECHNOLOGY AND QUALITY An unwavering devotion to quality lies at the core of each stage of production \u2013 a mentality driven and reinforced by our passionate team. We know every stitch, weld, and cut has a direct impact upon the brave men and women defending freedom, a humbling responsibility that drives our constant innovation and &hellip;<\/p>\n<p class=\"read-more\"> <a class=\"\" href=\"https:\/\/bulletproofboxs.com\/fr\/la-technologie\/\"> <span class=\"screen-reader-text\">Technologie<\/span> Lire la suite \u00bb<\/a><\/p>","protected":false},"author":1,"featured_media":0,"parent":0,"menu_order":0,"comment_status":"closed","ping_status":"closed","template":"","meta":{"site-sidebar-layout":"no-sidebar","site-content-layout":"page-builder","ast-site-content-layout":"","site-content-style":"default","site-sidebar-style":"default","ast-global-header-display":"","ast-banner-title-visibility":"","ast-main-header-display":"","ast-hfb-above-header-display":"","ast-hfb-below-header-display":"","ast-hfb-mobile-header-display":"","site-post-title":"disabled","ast-breadcrumbs-content":"","ast-featured-img":"disabled","footer-sml-layout":"","theme-transparent-header-meta":"","adv-header-id-meta":"","stick-header-meta":"","header-above-stick-meta":"","header-main-stick-meta":"","header-below-stick-meta":"","astra-migrate-meta-layouts":"","footnotes":""},"class_list":["post-5516","page","type-page","status-publish","hentry"],"_links":{"self":[{"href":"https:\/\/bulletproofboxs.com\/fr\/wp-json\/wp\/v2\/pages\/5516","targetHints":{"allow":["GET"]}}],"collection":[{"href":"https:\/\/bulletproofboxs.com\/fr\/wp-json\/wp\/v2\/pages"}],"about":[{"href":"https:\/\/bulletproofboxs.com\/fr\/wp-json\/wp\/v2\/types\/page"}],"author":[{"embeddable":true,"href":"https:\/\/bulletproofboxs.com\/fr\/wp-json\/wp\/v2\/users\/1"}],"replies":[{"embeddable":true,"href":"https:\/\/bulletproofboxs.com\/fr\/wp-json\/wp\/v2\/comments?post=5516"}],"version-history":[{"count":7,"href":"https:\/\/bulletproofboxs.com\/fr\/wp-json\/wp\/v2\/pages\/5516\/revisions"}],"predecessor-version":[{"id":5529,"href":"https:\/\/bulletproofboxs.com\/fr\/wp-json\/wp\/v2\/pages\/5516\/revisions\/5529"}],"wp:attachment":[{"href":"https:\/\/bulletproofboxs.com\/fr\/wp-json\/wp\/v2\/media?parent=5516"}],"curies":[{"name":"wp","href":"https:\/\/api.w.org\/{rel}","templated":true}]}}