{"id":8763,"date":"2022-08-18T09:46:19","date_gmt":"2022-08-18T09:46:19","guid":{"rendered":"http:\/\/bulletproofboxs.com\/?post_type=product&#038;p=8763"},"modified":"2023-08-08T02:57:44","modified_gmt":"2023-08-08T02:57:44","slug":"black-vest-body-armor-7","status":"publish","type":"product","link":"https:\/\/bulletproofboxs.com\/de\/produkt\/schwarze-weste-korperpanzer-7\/","title":{"rendered":"Multifunctional tactical bulletproof vest"},"content":{"rendered":"<p>IIIA Weight: 3.20\u00b10.1KG III Weight: 6KG IV Weight: 7.6<\/p>\n<p>IIIA Material: UHMWPE III Material: Alumina+UHMWPE IV Material: Alumina+UHMWPE<\/p>\n<p>Size: XL Suitable for 60-100KG adjustable<\/p>\n<p>Color: Black, Camouflag, Accept Customized color<\/p>\n<p>Cover Material: Nylon\/Polyester 500D<\/p>\n<p>Protection Part: Front, Back<\/p>\n<p>Protection Are: 0.15m\u00b2<\/p>\n<p>Protection Level: NIJ0101.06 Level IIIA III IV<\/p>\n<p>Shooting Distance: 15m<\/p>\n<p>Speed: 3m Away from the muzzle<\/p>\n<p>IIIA Bullet Stop: 9mm FMJ RN;.44Magnum<\/p>\n<p>III Bullet Stop: 7.62&#215;51 M80 NATO\uff1b7.62&#215;39 AK47<\/p>\n<p>IV Bullet Stop:* 7.62&#215;63 M2 AP, 7.62&#215;39 AK47 API, 7.62x54R API, 7.62x54R<\/p>\n<p>Warranty: 5Years<\/p>\n<p>&nbsp;<\/p>","protected":false},"excerpt":{"rendered":"<p>Diese kugelsichere Weste wiegt weniger als ein durchschnittliches Smartphone und kann in verdeckten Missionen und offenen K\u00e4mpfen getragen werden. Das nahtlose Design sorgt f\u00fcr eine bequeme Passform mit niedrigem Profil und maximiert die Bewegungsfreiheit, ohne auf Qualit\u00e4t oder Komfort zu verzichten.<\/p>","protected":false},"featured_media":9965,"comment_status":"open","ping_status":"closed","template":"","meta":{"site-sidebar-layout":"default","site-content-layout":"default","ast-site-content-layout":"","site-content-style":"default","site-sidebar-style":"default","ast-global-header-display":"","ast-banner-title-visibility":"","ast-main-header-display":"","ast-hfb-above-header-display":"","ast-hfb-below-header-display":"","ast-hfb-mobile-header-display":"","site-post-title":"","ast-breadcrumbs-content":"","ast-featured-img":"","footer-sml-layout":"","theme-transparent-header-meta":"default","adv-header-id-meta":"","stick-header-meta":"default","header-above-stick-meta":"","header-main-stick-meta":"","header-below-stick-meta":"","astra-migrate-meta-layouts":""},"product_brand":[],"product_cat":[15,450,35,458,459,460,451,219,446,445,475,462,455,466,473,474,202,238,218,223,454,36,467,468,448,463,456,433,464,470,228,457,471,476,222],"product_tag":[38],"class_list":{"0":"post-8763","1":"product","2":"type-product","3":"status-publish","4":"has-post-thumbnail","6":"product_cat-soft-bulletproof-vest","7":"product_cat-best-body-armor","8":"product_cat-body-armor","9":"product_cat-body-armor-4x4","10":"product_cat-body-armor-backpack","11":"product_cat-body-armor-for-sale","12":"product_cat-body-armor-levels","13":"product_cat-body-armor-packages","14":"product_cat-body-armor-vest","15":"product_cat-body-armour","16":"product_cat-bullet-proof-armor","17":"product_cat-bullet-proof-shield","18":"product_cat-bullet-proof-vest-for-sale","19":"product_cat-bullet-proof-vests-with-plates","20":"product_cat-bulletproof-armor","21":"product_cat-bulletproof-clothes","22":"product_cat-bulletproof-clothing","23":"product_cat-bulletproof-clothing-clothing","24":"product_cat-bulletproof-vests","25":"product_cat-concealable-body-armor","26":"product_cat-dragon-skin-body-armor","27":"product_cat-hard-bulletproof-vest","28":"product_cat-hyperline-body-armor","29":"product_cat-interceptor-body-armor","30":"product_cat-level-3-body-armor","31":"product_cat-level-3-body-armor-3","32":"product_cat-level-3a-body-armor","33":"product_cat-level-4-body-armor","34":"product_cat-level-iii-body-armor","35":"product_cat-level-iiia-body-armor","36":"product_cat-level-iv-body-armor","37":"product_cat-mecha-bytes-body-armor","38":"product_cat-motorcycle-body-armor","39":"product_cat-police-body-armor","40":"product_cat-tactical-bulletproof-vests","41":"product_tag-security","42":"desktop-align-left","43":"tablet-align-left","44":"mobile-align-left","45":"ast-product-gallery-layout-horizontal","46":"ast-product-single-variable","47":"ast-product-tabs-layout-horizontal","48":"ast-qv-on-image","50":"first","51":"instock","52":"sale","53":"shipping-taxable","54":"purchasable","55":"product-type-variable"},"_links":{"self":[{"href":"https:\/\/bulletproofboxs.com\/de\/wp-json\/wp\/v2\/product\/8763","targetHints":{"allow":["GET"]}}],"collection":[{"href":"https:\/\/bulletproofboxs.com\/de\/wp-json\/wp\/v2\/product"}],"about":[{"href":"https:\/\/bulletproofboxs.com\/de\/wp-json\/wp\/v2\/types\/product"}],"replies":[{"embeddable":true,"href":"https:\/\/bulletproofboxs.com\/de\/wp-json\/wp\/v2\/comments?post=8763"}],"wp:featuredmedia":[{"embeddable":true,"href":"https:\/\/bulletproofboxs.com\/de\/wp-json\/wp\/v2\/media\/9965"}],"wp:attachment":[{"href":"https:\/\/bulletproofboxs.com\/de\/wp-json\/wp\/v2\/media?parent=8763"}],"wp:term":[{"taxonomy":"product_brand","embeddable":true,"href":"https:\/\/bulletproofboxs.com\/de\/wp-json\/wp\/v2\/product_brand?post=8763"},{"taxonomy":"product_cat","embeddable":true,"href":"https:\/\/bulletproofboxs.com\/de\/wp-json\/wp\/v2\/product_cat?post=8763"},{"taxonomy":"product_tag","embeddable":true,"href":"https:\/\/bulletproofboxs.com\/de\/wp-json\/wp\/v2\/product_tag?post=8763"}],"curies":[{"name":"wp","href":"https:\/\/api.w.org\/{rel}","templated":true}]}}