{"id":7934,"date":"2022-08-17T09:13:09","date_gmt":"2022-08-17T09:13:09","guid":{"rendered":"http:\/\/bulletproofboxs.com\/?post_type=product&#038;p=7934"},"modified":"2023-07-25T01:33:01","modified_gmt":"2023-07-25T01:33:01","slug":"army-green-bulletproof-vest","status":"publish","type":"product","link":"https:\/\/bulletproofboxs.com\/de\/produkt\/armeegrune-kugelsichere-weste\/","title":{"rendered":"Armeegr\u00fcne kugelsichere Weste"},"content":{"rendered":"<h4 class=\"topTitle\" style=\"text-align: center;\">LEICHTESTE DER WELT<\/h4>\n<h2 class=\"mainTitle\" style=\"text-align: center;\"><a href=\"https:\/\/bulletproofboxs.com\/de\/product-category\/body-armor\/\">Kugelsichere Weste<\/a><\/h2>\n<h5 class=\"subTitle\" style=\"text-align: center;\"><span style=\"font-size: 16px;\">Diese kugelsichere Weste wiegt weniger als ein durchschnittliches Smartphone und kann in verdeckten Missionen und offenen K\u00e4mpfen getragen werden. Das nahtlose Design sorgt f\u00fcr eine bequeme Passform mit niedrigem Profil und maximiert die Bewegungsfreiheit, ohne auf Qualit\u00e4t oder Komfort zu verzichten.<\/span><\/h5>\n<p><img fetchpriority=\"high\" decoding=\"async\" class=\"aligncenter wp-image-8200 size-full\" src=\"http:\/\/bulletproofboxs.com\/wp-content\/uploads\/2022\/08\/Army-Green-Bulletproof-Vest66.webp\" alt=\"\" width=\"1536\" height=\"824\" srcset=\"https:\/\/bulletproofboxs.com\/wp-content\/uploads\/2022\/08\/Army-Green-Bulletproof-Vest66.webp 1536w, https:\/\/bulletproofboxs.com\/wp-content\/uploads\/2022\/08\/Army-Green-Bulletproof-Vest66-300x161.webp 300w, https:\/\/bulletproofboxs.com\/wp-content\/uploads\/2022\/08\/Army-Green-Bulletproof-Vest66-1024x549.webp 1024w, https:\/\/bulletproofboxs.com\/wp-content\/uploads\/2022\/08\/Army-Green-Bulletproof-Vest66-768x412.webp 768w, https:\/\/bulletproofboxs.com\/wp-content\/uploads\/2022\/08\/Army-Green-Bulletproof-Vest66-600x322.webp 600w\" sizes=\"(max-width: 1536px) 100vw, 1536px\" \/><\/p>\n<div class=\"dividerBlock\" style=\"text-align: center;\"><strong>MERKMALE<\/strong><\/div>\n<div>\n<hr \/>\n<\/div>\n<section id=\"featuresSection\" class=\"keyFeatures\">\n<div class=\"listBlock\">\n<ul>\n<li data-pm-slice=\"0 0 []\">Entspricht dem NIJ-Standard-0101.06<\/li>\n<li data-pm-slice=\"0 0 []\">Level IIIA ist bedrohungsgetestet gegen .357, 9 mm, 45acp, .44 Magnum<\/li>\n<li data-pm-slice=\"0 0 []\">Wasserfeste Plattenabdeckung mit hei\u00dfversiegelten N\u00e4hten<\/li>\n<li data-pm-slice=\"0 0 []\">Leichtes 4-Wege-Stretch-Ripstop-Shell-Material<\/li>\n<li data-pm-slice=\"0 0 []\">Erg\u00e4nzendes leichtes Spacer-Mesh-Futter f\u00fcr verbesserten Luftstrom<\/li>\n<li data-pm-slice=\"0 0 []\">Plattentasche vorne und hinten f\u00fcr optionale Hartplatten der Stufe IIIA, III, IV<\/li>\n<li data-pm-slice=\"0 0 []\">Abnehmbare Schulter, Kragen und Kehle. Bizeps-, Leisten- und Nieren-\/unterer R\u00fcckenschutz.<\/li>\n<\/ul>\n<p><img decoding=\"async\" class=\"aligncenter wp-image-8201 size-full\" src=\"http:\/\/bulletproofboxs.com\/wp-content\/uploads\/2022\/08\/Army-Green-Bulletproof-Vest77.webp\" alt=\"\" width=\"750\" height=\"1460\" srcset=\"https:\/\/bulletproofboxs.com\/wp-content\/uploads\/2022\/08\/Army-Green-Bulletproof-Vest77.webp 750w, https:\/\/bulletproofboxs.com\/wp-content\/uploads\/2022\/08\/Army-Green-Bulletproof-Vest77-154x300.webp 154w, https:\/\/bulletproofboxs.com\/wp-content\/uploads\/2022\/08\/Army-Green-Bulletproof-Vest77-526x1024.webp 526w, https:\/\/bulletproofboxs.com\/wp-content\/uploads\/2022\/08\/Army-Green-Bulletproof-Vest77-600x1168.webp 600w\" sizes=\"(max-width: 750px) 100vw, 750px\" \/><\/p>\n<div class=\"infoBlockTitle\" style=\"text-align: center;\"><strong>HANDHABUNG UND REINIGUNG<\/strong><\/div>\n<div>\n<hr \/>\n<\/div>\n<div class=\"p\">1. Entfernen Sie alle Panzereins\u00e4tze.<br \/>\n2. Trennen Sie alle Teile.<br \/>\n3. In warmem Wasser mit Seife \/ Waschmittel und weicher B\u00fcrste waschen.<br \/>\n4. Gut in warmem Wasser aussp\u00fclen.<br \/>\n5. An einem warmen, gut bel\u00fcfteten Ort lufttrocknen.<\/div>\n<div><img decoding=\"async\" class=\"aligncenter wp-image-8164 size-full\" src=\"http:\/\/bulletproofboxs.com\/wp-content\/uploads\/2022\/08\/1.webp\" alt=\"\" width=\"1605\" height=\"560\" srcset=\"https:\/\/bulletproofboxs.com\/wp-content\/uploads\/2022\/08\/1.webp 1605w, https:\/\/bulletproofboxs.com\/wp-content\/uploads\/2022\/08\/1-300x105.webp 300w, https:\/\/bulletproofboxs.com\/wp-content\/uploads\/2022\/08\/1-1024x357.webp 1024w, https:\/\/bulletproofboxs.com\/wp-content\/uploads\/2022\/08\/1-768x268.webp 768w, https:\/\/bulletproofboxs.com\/wp-content\/uploads\/2022\/08\/1-1536x536.webp 1536w, https:\/\/bulletproofboxs.com\/wp-content\/uploads\/2022\/08\/1-600x209.webp 600w\" sizes=\"(max-width: 1605px) 100vw, 1605px\" \/><\/div>\n<\/div>\n<\/section>","protected":false},"excerpt":{"rendered":"<p>Diese kugelsichere Weste wiegt weniger als ein durchschnittliches Smartphone und kann in verdeckten Missionen und offenen K\u00e4mpfen getragen werden. Das nahtlose Design sorgt f\u00fcr eine bequeme Passform mit niedrigem Profil und maximiert die Bewegungsfreiheit, ohne auf Qualit\u00e4t oder Komfort zu verzichten.<\/p>","protected":false},"featured_media":8203,"comment_status":"open","ping_status":"closed","template":"","meta":{"site-sidebar-layout":"default","site-content-layout":"default","ast-site-content-layout":"","site-content-style":"default","site-sidebar-style":"default","ast-global-header-display":"","ast-banner-title-visibility":"","ast-main-header-display":"","ast-hfb-above-header-display":"","ast-hfb-below-header-display":"","ast-hfb-mobile-header-display":"","site-post-title":"","ast-breadcrumbs-content":"","ast-featured-img":"","footer-sml-layout":"","theme-transparent-header-meta":"default","adv-header-id-meta":"","stick-header-meta":"default","header-above-stick-meta":"","header-main-stick-meta":"","header-below-stick-meta":"","astra-migrate-meta-layouts":""},"product_brand":[],"product_cat":[35,36],"product_tag":[38],"class_list":{"0":"post-7934","1":"product","2":"type-product","3":"status-publish","4":"has-post-thumbnail","6":"product_cat-body-armor","7":"product_cat-hard-bulletproof-vest","8":"product_tag-security","9":"desktop-align-left","10":"tablet-align-left","11":"mobile-align-left","12":"ast-product-gallery-layout-horizontal","13":"ast-product-single-variable","14":"ast-product-tabs-layout-horizontal","15":"ast-qv-on-image","17":"first","18":"instock","19":"shipping-taxable","20":"purchasable","21":"product-type-variable"},"_links":{"self":[{"href":"https:\/\/bulletproofboxs.com\/de\/wp-json\/wp\/v2\/product\/7934","targetHints":{"allow":["GET"]}}],"collection":[{"href":"https:\/\/bulletproofboxs.com\/de\/wp-json\/wp\/v2\/product"}],"about":[{"href":"https:\/\/bulletproofboxs.com\/de\/wp-json\/wp\/v2\/types\/product"}],"replies":[{"embeddable":true,"href":"https:\/\/bulletproofboxs.com\/de\/wp-json\/wp\/v2\/comments?post=7934"}],"wp:featuredmedia":[{"embeddable":true,"href":"https:\/\/bulletproofboxs.com\/de\/wp-json\/wp\/v2\/media\/8203"}],"wp:attachment":[{"href":"https:\/\/bulletproofboxs.com\/de\/wp-json\/wp\/v2\/media?parent=7934"}],"wp:term":[{"taxonomy":"product_brand","embeddable":true,"href":"https:\/\/bulletproofboxs.com\/de\/wp-json\/wp\/v2\/product_brand?post=7934"},{"taxonomy":"product_cat","embeddable":true,"href":"https:\/\/bulletproofboxs.com\/de\/wp-json\/wp\/v2\/product_cat?post=7934"},{"taxonomy":"product_tag","embeddable":true,"href":"https:\/\/bulletproofboxs.com\/de\/wp-json\/wp\/v2\/product_tag?post=7934"}],"curies":[{"name":"wp","href":"https:\/\/api.w.org\/{rel}","templated":true}]}}