{"id":5683,"date":"2022-08-13T02:21:37","date_gmt":"2022-08-13T02:21:37","guid":{"rendered":"http:\/\/bulletproofboxs.com\/?page_id=5683"},"modified":"2022-08-20T08:54:11","modified_gmt":"2022-08-20T08:54:11","slug":"warranties","status":"publish","type":"page","link":"https:\/\/bulletproofboxs.com\/de\/garantien\/","title":{"rendered":"Garantien"},"content":{"rendered":"<div data-elementor-type=\"wp-page\" data-elementor-id=\"5683\" class=\"elementor elementor-5683\" data-elementor-post-type=\"page\">\n\t\t\t\t\t\t<section class=\"elementor-section elementor-top-section elementor-element elementor-element-52be87ee elementor-section-boxed elementor-section-height-default elementor-section-height-default exad-glass-effect-no exad-sticky-section-no\" data-id=\"52be87ee\" data-element_type=\"section\">\n\t\t\t\t\t\t<div class=\"elementor-container elementor-column-gap-default\">\n\t\t\t\t\t<div class=\"elementor-column elementor-col-33 elementor-top-column elementor-element elementor-element-13cdf7a exad-glass-effect-no exad-sticky-section-no\" data-id=\"13cdf7a\" data-element_type=\"column\">\n\t\t\t<div class=\"elementor-widget-wrap elementor-element-populated\">\n\t\t\t\t\t\t<div class=\"elementor-element elementor-element-62000d0 elementor-align-left elementor-icon-list--layout-traditional elementor-list-item-link-full_width exad-sticky-section-no exad-glass-effect-no elementor-widget elementor-widget-icon-list\" data-id=\"62000d0\" data-element_type=\"widget\" data-widget_type=\"icon-list.default\">\n\t\t\t\t<div class=\"elementor-widget-container\">\n\t\t\t\t\t\t\t<ul class=\"elementor-icon-list-items\">\n\t\t\t\t\t\t\t<li class=\"elementor-icon-list-item\">\n\t\t\t\t\t\t\t\t\t\t\t<a href=\"https:\/\/bulletproofboxs.com\/de\/bedingungen\/\">\n\n\t\t\t\t\t\t\t\t\t\t\t<span class=\"elementor-icon-list-text\">Bedingungen<\/span>\n\t\t\t\t\t\t\t\t\t\t\t<\/a>\n\t\t\t\t\t\t\t\t\t<\/li>\n\t\t\t\t\t\t\t\t<li class=\"elementor-icon-list-item\">\n\t\t\t\t\t\t\t\t\t\t\t<a href=\"https:\/\/bulletproofboxs.com\/de\/richtlinien\/\">\n\n\t\t\t\t\t\t\t\t\t\t\t<span class=\"elementor-icon-list-text\">Richtlinien<\/span>\n\t\t\t\t\t\t\t\t\t\t\t<\/a>\n\t\t\t\t\t\t\t\t\t<\/li>\n\t\t\t\t\t\t\t\t<li class=\"elementor-icon-list-item\">\n\t\t\t\t\t\t\t\t\t\t\t<a href=\"https:\/\/bulletproofboxs.com\/de\/versand\/\">\n\n\t\t\t\t\t\t\t\t\t\t\t<span class=\"elementor-icon-list-text\">Versand<\/span>\n\t\t\t\t\t\t\t\t\t\t\t<\/a>\n\t\t\t\t\t\t\t\t\t<\/li>\n\t\t\t\t\t\t\t\t<li class=\"elementor-icon-list-item\">\n\t\t\t\t\t\t\t\t\t\t\t<a href=\"https:\/\/bulletproofboxs.com\/de\/kehrt-zuruck\/\">\n\n\t\t\t\t\t\t\t\t\t\t\t<span class=\"elementor-icon-list-text\">Kehrt zur\u00fcck<\/span>\n\t\t\t\t\t\t\t\t\t\t\t<\/a>\n\t\t\t\t\t\t\t\t\t<\/li>\n\t\t\t\t\t\t\t\t<li class=\"elementor-icon-list-item\">\n\t\t\t\t\t\t\t\t\t\t\t<a href=\"https:\/\/bulletproofboxs.com\/de\/garantien\/\">\n\n\t\t\t\t\t\t\t\t\t\t\t<span class=\"elementor-icon-list-text\">Garantien<\/span>\n\t\t\t\t\t\t\t\t\t\t\t<\/a>\n\t\t\t\t\t\t\t\t\t<\/li>\n\t\t\t\t\t\t<\/ul>\n\t\t\t\t\t\t<\/div>\n\t\t\t\t<\/div>\n\t\t\t\t\t<\/div>\n\t\t<\/div>\n\t\t\t\t<div class=\"elementor-column elementor-col-66 elementor-top-column elementor-element elementor-element-414fe03d exad-glass-effect-no exad-sticky-section-no\" data-id=\"414fe03d\" data-element_type=\"column\">\n\t\t\t<div class=\"elementor-widget-wrap elementor-element-populated\">\n\t\t\t\t\t\t<div class=\"elementor-element elementor-element-47f2c697 exad-sticky-section-no exad-glass-effect-no elementor-widget elementor-widget-text-editor\" data-id=\"47f2c697\" data-element_type=\"widget\" data-widget_type=\"text-editor.default\">\n\t\t\t\t<div class=\"elementor-widget-container\">\n\t\t\t\t\t\t\t\t\t<h2>GARANTIEN<\/h2><p>\u00a0<\/p><p><strong>ABSCHNITT 1 \u2013 WAS MACHEN WIR MIT IHREN INFORMATIONEN?<\/strong><\/p><p>Wenn Sie etwas in unserem Gesch\u00e4ft kaufen, erfassen wir im Rahmen des Kauf- und Verkaufsprozesses die pers\u00f6nlichen Daten, die Sie uns geben, wie Ihren Namen, Ihre Adresse und Ihre E-Mail-Adresse.<br \/>Wenn Sie in unserem Shop surfen, erhalten wir auch automatisch die Internet Protocol (IP)-Adresse Ihres Computers, um uns Informationen zu liefern, die uns dabei helfen, mehr \u00fcber Ihren Browser und Ihr Betriebssystem zu erfahren.<br \/>E-Mail-Marketing (falls zutreffend): Mit Ihrer Erlaubnis k\u00f6nnen wir Ihnen E-Mails \u00fcber unseren Shop, neue Produkte und andere Updates senden.<\/p><p><strong>ABSCHNITT 2 \u2013 ZUSTIMMUNG<\/strong><\/p><p>Wie erhalten Sie meine Zustimmung?<br \/>Wenn Sie uns personenbezogene Daten zur Verf\u00fcgung stellen, um eine Transaktion abzuschlie\u00dfen, Ihre Kreditkarte zu \u00fcberpr\u00fcfen, eine Bestellung aufzugeben, eine Lieferung zu arrangieren oder einen Kauf zur\u00fcckzugeben, implizieren wir, dass Sie damit einverstanden sind, dass wir sie nur aus diesem bestimmten Grund sammeln und verwenden.<br \/>Wenn wir Sie aus einem sekund\u00e4ren Grund, wie Marketing, nach Ihren personenbezogenen Daten fragen, werden wir Sie entweder direkt um Ihre ausdr\u00fcckliche Zustimmung bitten oder Ihnen die M\u00f6glichkeit geben, nein zu sagen.<\/p><p><strong>ABSCHNITT 3 \u2013 OFFENLEGUNG<\/strong><\/p><p>Wir k\u00f6nnen Ihre personenbezogenen Daten offenlegen, wenn wir gesetzlich dazu verpflichtet sind oder wenn Sie gegen unsere Nutzungsbedingungen versto\u00dfen.<\/p><p><strong>ABSCHNITT 4 \u2013 PAYPAL<\/strong><\/p><p>Zahlung:<br \/>Wenn Sie ein Direktzahlungs-Gateway w\u00e4hlen, um Ihren Kauf abzuschlie\u00dfen, speichert Paypal Ihre Kreditkartendaten. Es wird durch den Payment Card Industry Data Security Standard (PCI-DSS) verschl\u00fcsselt. Ihre Kauftransaktionsdaten werden nur so lange gespeichert, wie es f\u00fcr den Abschluss Ihrer Kauftransaktion erforderlich ist. Danach werden Ihre Kauftransaktionsinformationen gel\u00f6scht.<br \/>Alle Direktzahlungs-Gateways halten sich an die von PCI-DSS festgelegten Standards, die vom PCI Security Standards Council verwaltet werden, einer gemeinsamen Anstrengung von Marken wie Visa, Mastercard, American Express und Discover.<br \/>Die PCI-DSS-Anforderungen tragen dazu bei, den sicheren Umgang mit Kreditkarteninformationen durch unser Gesch\u00e4ft und seine Dienstleister zu gew\u00e4hrleisten.<br \/>F\u00fcr weitere Informationen k\u00f6nnen Sie auch die Nutzungsbedingungen oder die Datenschutzerkl\u00e4rung von Paypal lesen.<\/p><p><strong>ABSCHNITT 5 \u2013 DIENSTE VON DRITTANBIETERN<\/strong><\/p><p>Generell werden die von uns eingesetzten Drittanbieter Ihre Daten nur erheben, verwenden und weitergeben, soweit dies erforderlich ist, um die von ihnen f\u00fcr uns erbrachten Dienstleistungen zu erbringen.<br \/>Bestimmte Drittanbieter, wie z. B. Zahlungsgateways und andere Zahlungstransaktionsverarbeiter, haben jedoch ihre eigenen Datenschutzrichtlinien in Bezug auf die Informationen, die wir ihnen f\u00fcr Ihre kaufbezogenen Transaktionen zur Verf\u00fcgung stellen m\u00fcssen.<br \/>F\u00fcr diese Anbieter empfehlen wir Ihnen, ihre Datenschutzrichtlinien zu lesen, damit Sie verstehen, wie Ihre personenbezogenen Daten von diesen Anbietern gehandhabt werden.<br \/>Denken Sie insbesondere daran, dass sich bestimmte Anbieter m\u00f6glicherweise in einer anderen Gerichtsbarkeit als Sie oder wir befinden oder Einrichtungen haben, die sich in einer anderen Gerichtsbarkeit befinden. Wenn Sie sich also f\u00fcr eine Transaktion entscheiden, die die Dienste eines Drittanbieters umfasst, k\u00f6nnen Ihre Informationen den Gesetzen der Gerichtsbarkeit(en) unterliegen, in denen sich dieser Dienstanbieter oder seine Einrichtungen befinden.<br \/>Wenn Sie sich beispielsweise in Kanada befinden und Ihre Transaktion von einem Zahlungs-Gateway in den Vereinigten Staaten verarbeitet wird, k\u00f6nnen Ihre pers\u00f6nlichen Daten, die zum Abschluss dieser Transaktion verwendet werden, der Offenlegung gem\u00e4\u00df den Gesetzen der Vereinigten Staaten, einschlie\u00dflich des Patriot Act, unterliegen.<br \/>Sobald Sie die Website unseres Shops verlassen oder zu einer Website oder Anwendung eines Drittanbieters weitergeleitet werden, unterliegen Sie nicht mehr dieser Datenschutzrichtlinie oder den Nutzungsbedingungen unserer Website.<\/p><p>Verkn\u00fcpfungen<br \/>Wenn Sie auf Links in unserem Shop klicken, werden Sie m\u00f6glicherweise von unserer Website weggeleitet. Wir sind nicht verantwortlich f\u00fcr die Datenschutzpraktiken anderer Websites und empfehlen Ihnen, deren Datenschutzerkl\u00e4rungen zu lesen.<\/p><p><strong>ABSCHNITT 6 \u2013 SICHERHEIT<\/strong><\/p><p>Um Ihre personenbezogenen Daten zu sch\u00fctzen, treffen wir angemessene Vorsichtsma\u00dfnahmen und befolgen die bew\u00e4hrten Verfahren der Branche, um sicherzustellen, dass sie nicht unangemessen verloren gehen, missbraucht, abgerufen, offengelegt, ver\u00e4ndert oder zerst\u00f6rt werden.<br \/>Wenn Sie uns Ihre Kreditkarteninformationen zur Verf\u00fcgung stellen, werden die Informationen mit der Secure Socket Layer-Technologie (SSL) verschl\u00fcsselt und mit AES-256-Verschl\u00fcsselung gespeichert. Obwohl keine \u00dcbertragungsmethode \u00fcber das Internet oder elektronische Speicherung 100%-sicher ist, befolgen wir alle PCI-DSS-Anforderungen und implementieren zus\u00e4tzliche allgemein anerkannte Industriestandards.<\/p><p><strong>ABSCHNITT 7 \u2013 ALTER DER EINWILLIGUNG<\/strong><\/p><p>Durch die Nutzung dieser Website erkl\u00e4ren Sie, dass Sie in Ihrem Bundesland oder Bundesland Ihres Wohnsitzes mindestens vollj\u00e4hrig sind oder dass Sie in Ihrem Bundesland oder Bundesland Ihres Wohnsitzes vollj\u00e4hrig sind und uns Ihre Zustimmung gegeben haben, dies zuzulassen Ihren minderj\u00e4hrigen Angeh\u00f6rigen, diese Website zu nutzen.<\/p><p><strong>ABSCHNITT 8 \u2013 \u00c4NDERUNGEN DIESER DATENSCHUTZERKL\u00c4RUNG<\/strong><\/p><p>Wir behalten uns das Recht vor, diese Datenschutzrichtlinie jederzeit zu \u00e4ndern, also \u00fcberpr\u00fcfen Sie sie bitte regelm\u00e4\u00dfig. \u00c4nderungen und Klarstellungen werden sofort nach ihrer Ver\u00f6ffentlichung auf der Website wirksam. Wenn wir wesentliche \u00c4nderungen an dieser Richtlinie vornehmen, werden wir Sie hier dar\u00fcber informieren, dass sie aktualisiert wurde, damit Sie wissen, welche Informationen wir sammeln, wie wir sie verwenden und unter welchen Umst\u00e4nden wir sie gegebenenfalls verwenden und\/oder offenlegen es.<br \/>Wenn unser Gesch\u00e4ft erworben oder mit einem anderen Unternehmen fusioniert wird, k\u00f6nnen Ihre Daten an die neuen Eigent\u00fcmer \u00fcbertragen werden, damit wir Ihnen weiterhin Produkte verkaufen k\u00f6nnen.<\/p><p><strong>FRAGEN UND KONTAKTDATEN<\/strong><\/p><p>Wenn Sie: auf personenbezogene Daten, die wir \u00fcber Sie haben, zugreifen, sie korrigieren, \u00e4ndern oder l\u00f6schen m\u00f6chten, eine Beschwerde einreichen oder einfach weitere Informationen w\u00fcnschen, wenden Sie sich an unseren Datenschutzbeauftragten unter info@bulletproofboxs.com <br \/>[Re: Datenschutz-Compliance-Beauftragter]<\/p>\t\t\t\t\t\t\t\t<\/div>\n\t\t\t\t<\/div>\n\t\t\t\t\t<\/div>\n\t\t<\/div>\n\t\t\t\t\t<\/div>\n\t\t<\/section>\n\t\t\t\t<\/div>","protected":false},"excerpt":{"rendered":"<p>Terms Policies Shipping Returns Warranties WARRANTIES \u00a0 SECTION 1 &#8211; WHAT DO WE DO WITH YOUR INFORMATION? When you purchase something from our store, as part of the buying and selling process, we collect the personal information you give us such as your name, address, and email address.When you browse our store, we also automatically &hellip;<\/p>\n<p class=\"read-more\"> <a class=\"\" href=\"https:\/\/bulletproofboxs.com\/de\/garantien\/\"> <span class=\"screen-reader-text\">Garantien<\/span> Weiterlesen &quot;<\/a><\/p>","protected":false},"author":1,"featured_media":0,"parent":0,"menu_order":0,"comment_status":"closed","ping_status":"closed","template":"","meta":{"site-sidebar-layout":"no-sidebar","site-content-layout":"page-builder","ast-site-content-layout":"","site-content-style":"default","site-sidebar-style":"default","ast-global-header-display":"","ast-banner-title-visibility":"","ast-main-header-display":"","ast-hfb-above-header-display":"","ast-hfb-below-header-display":"","ast-hfb-mobile-header-display":"","site-post-title":"disabled","ast-breadcrumbs-content":"","ast-featured-img":"disabled","footer-sml-layout":"","theme-transparent-header-meta":"","adv-header-id-meta":"","stick-header-meta":"","header-above-stick-meta":"","header-main-stick-meta":"","header-below-stick-meta":"","astra-migrate-meta-layouts":"","footnotes":""},"class_list":["post-5683","page","type-page","status-publish","hentry"],"_links":{"self":[{"href":"https:\/\/bulletproofboxs.com\/de\/wp-json\/wp\/v2\/pages\/5683","targetHints":{"allow":["GET"]}}],"collection":[{"href":"https:\/\/bulletproofboxs.com\/de\/wp-json\/wp\/v2\/pages"}],"about":[{"href":"https:\/\/bulletproofboxs.com\/de\/wp-json\/wp\/v2\/types\/page"}],"author":[{"embeddable":true,"href":"https:\/\/bulletproofboxs.com\/de\/wp-json\/wp\/v2\/users\/1"}],"replies":[{"embeddable":true,"href":"https:\/\/bulletproofboxs.com\/de\/wp-json\/wp\/v2\/comments?post=5683"}],"version-history":[{"count":13,"href":"https:\/\/bulletproofboxs.com\/de\/wp-json\/wp\/v2\/pages\/5683\/revisions"}],"predecessor-version":[{"id":9147,"href":"https:\/\/bulletproofboxs.com\/de\/wp-json\/wp\/v2\/pages\/5683\/revisions\/9147"}],"wp:attachment":[{"href":"https:\/\/bulletproofboxs.com\/de\/wp-json\/wp\/v2\/media?parent=5683"}],"curies":[{"name":"wp","href":"https:\/\/api.w.org\/{rel}","templated":true}]}}