{"id":5681,"date":"2022-08-13T02:20:53","date_gmt":"2022-08-13T02:20:53","guid":{"rendered":"http:\/\/bulletproofboxs.com\/?page_id=5681"},"modified":"2022-08-20T08:32:14","modified_gmt":"2022-08-20T08:32:14","slug":"returns","status":"publish","type":"page","link":"https:\/\/bulletproofboxs.com\/de\/kehrt-zuruck\/","title":{"rendered":"Kehrt zur\u00fcck"},"content":{"rendered":"<div data-elementor-type=\"wp-page\" data-elementor-id=\"5681\" class=\"elementor elementor-5681\" data-elementor-post-type=\"page\">\n\t\t\t\t\t\t<section class=\"elementor-section elementor-top-section elementor-element elementor-element-8c52a63 elementor-section-boxed elementor-section-height-default elementor-section-height-default exad-glass-effect-no exad-sticky-section-no\" data-id=\"8c52a63\" data-element_type=\"section\">\n\t\t\t\t\t\t<div class=\"elementor-container elementor-column-gap-default\">\n\t\t\t\t\t<div class=\"elementor-column elementor-col-33 elementor-top-column elementor-element elementor-element-18d8524 exad-glass-effect-no exad-sticky-section-no\" data-id=\"18d8524\" data-element_type=\"column\">\n\t\t\t<div class=\"elementor-widget-wrap elementor-element-populated\">\n\t\t\t\t\t\t<div class=\"elementor-element elementor-element-166b4f2 elementor-align-left elementor-icon-list--layout-traditional elementor-list-item-link-full_width exad-sticky-section-no exad-glass-effect-no elementor-widget elementor-widget-icon-list\" data-id=\"166b4f2\" data-element_type=\"widget\" data-widget_type=\"icon-list.default\">\n\t\t\t\t<div class=\"elementor-widget-container\">\n\t\t\t\t\t\t\t<ul class=\"elementor-icon-list-items\">\n\t\t\t\t\t\t\t<li class=\"elementor-icon-list-item\">\n\t\t\t\t\t\t\t\t\t\t\t<a href=\"https:\/\/bulletproofboxs.com\/de\/bedingungen\/\">\n\n\t\t\t\t\t\t\t\t\t\t\t<span class=\"elementor-icon-list-text\">Bedingungen<\/span>\n\t\t\t\t\t\t\t\t\t\t\t<\/a>\n\t\t\t\t\t\t\t\t\t<\/li>\n\t\t\t\t\t\t\t\t<li class=\"elementor-icon-list-item\">\n\t\t\t\t\t\t\t\t\t\t\t<a href=\"https:\/\/bulletproofboxs.com\/de\/richtlinien\/\">\n\n\t\t\t\t\t\t\t\t\t\t\t<span class=\"elementor-icon-list-text\">Richtlinien<\/span>\n\t\t\t\t\t\t\t\t\t\t\t<\/a>\n\t\t\t\t\t\t\t\t\t<\/li>\n\t\t\t\t\t\t\t\t<li class=\"elementor-icon-list-item\">\n\t\t\t\t\t\t\t\t\t\t\t<a href=\"https:\/\/bulletproofboxs.com\/de\/versand\/\">\n\n\t\t\t\t\t\t\t\t\t\t\t<span class=\"elementor-icon-list-text\">Versand<\/span>\n\t\t\t\t\t\t\t\t\t\t\t<\/a>\n\t\t\t\t\t\t\t\t\t<\/li>\n\t\t\t\t\t\t\t\t<li class=\"elementor-icon-list-item\">\n\t\t\t\t\t\t\t\t\t\t\t<a href=\"https:\/\/bulletproofboxs.com\/de\/kehrt-zuruck\/\">\n\n\t\t\t\t\t\t\t\t\t\t\t<span class=\"elementor-icon-list-text\">Kehrt zur\u00fcck<\/span>\n\t\t\t\t\t\t\t\t\t\t\t<\/a>\n\t\t\t\t\t\t\t\t\t<\/li>\n\t\t\t\t\t\t\t\t<li class=\"elementor-icon-list-item\">\n\t\t\t\t\t\t\t\t\t\t\t<a href=\"https:\/\/bulletproofboxs.com\/de\/garantien\/\">\n\n\t\t\t\t\t\t\t\t\t\t\t<span class=\"elementor-icon-list-text\">Garantien<\/span>\n\t\t\t\t\t\t\t\t\t\t\t<\/a>\n\t\t\t\t\t\t\t\t\t<\/li>\n\t\t\t\t\t\t<\/ul>\n\t\t\t\t\t\t<\/div>\n\t\t\t\t<\/div>\n\t\t\t\t\t<\/div>\n\t\t<\/div>\n\t\t\t\t<div class=\"elementor-column elementor-col-66 elementor-top-column elementor-element elementor-element-ffa741c exad-glass-effect-no exad-sticky-section-no\" data-id=\"ffa741c\" data-element_type=\"column\">\n\t\t\t<div class=\"elementor-widget-wrap elementor-element-populated\">\n\t\t\t\t\t\t<div class=\"elementor-element elementor-element-e0ae98c exad-sticky-section-no exad-glass-effect-no elementor-widget elementor-widget-text-editor\" data-id=\"e0ae98c\" data-element_type=\"widget\" data-widget_type=\"text-editor.default\">\n\t\t\t\t<div class=\"elementor-widget-container\">\n\t\t\t\t\t\t\t\t\t<h2>KEHRT ZUR\u00dcCK<\/h2><p><br \/>Unsere Police dauert 14 Tage. Wenn seit Ihrem Kauf 14 Tage vergangen sind, k\u00f6nnen wir Ihnen leider keine R\u00fcckerstattung oder Umtausch anbieten.<\/p><p>Um f\u00fcr eine R\u00fccksendung in Frage zu kommen, muss Ihr Artikel unbenutzt und in demselben Zustand sein, in dem Sie ihn erhalten haben. Es muss sich auch in der Originalverpackung befinden.<\/p><p>Um Ihre R\u00fccksendung abzuschlie\u00dfen, ben\u00f6tigen wir eine Quittung oder einen Kaufbeleg.<\/p><p>Bitte senden Sie Ihren Kauf nicht an den Hersteller zur\u00fcck.<\/p><p>R\u00fcckerstattungen (falls zutreffend)<br \/>Sobald Ihre R\u00fccksendung eingegangen und gepr\u00fcft ist, senden wir Ihnen eine E-Mail, um Sie dar\u00fcber zu informieren, dass wir Ihre R\u00fccksendung erhalten haben. Wir werden Sie auch \u00fcber die Genehmigung oder Ablehnung Ihrer R\u00fcckerstattung informieren.<br \/>Wenn Sie genehmigt werden, wird Ihre R\u00fcckerstattung bearbeitet und innerhalb einer bestimmten Anzahl von Tagen wird automatisch eine Gutschrift auf Ihre Kreditkarte oder Ihre urspr\u00fcngliche Zahlungsmethode angewendet.<\/p><p>Bitte beachten Sie, dass es sich bei den an der Kasse berechneten Versandkosten um ERM\u00c4SSIGTE Versandkosten handelt. Die erm\u00e4\u00dfigten Versandkosten gelten nur f\u00fcr erfolgreiche Transaktionen, die nicht letztendlich zur\u00fcckgegeben, erstattet oder anderweitig f\u00fcr ung\u00fcltig erkl\u00e4rt oder in irgendeiner Weise storniert werden. Die rabattierten Versandkosten gelten NICHT f\u00fcr erfolglose Transaktionen wie z. B. R\u00fccksendungen, R\u00fcckerstattungen usw. Der Preis der nicht rabattierten Versandkosten wird im Falle einer erfolglosen Transaktion von dem an den K\u00e4ufer zur\u00fcckgegebenen\/erstatteten Geld und dem abgezogenen Betrag abgezogen basiert auf der tats\u00e4chlichen Rechnung des Lieferunternehmens (in der Regel zwischen $30,00 USD und $60,00 USD).<\/p><p>Versp\u00e4tete oder fehlende R\u00fcckerstattungen (falls zutreffend)<br \/>Wenn Sie noch keine R\u00fcckerstattung erhalten haben, \u00fcberpr\u00fcfen Sie zun\u00e4chst erneut Ihr Bankkonto.<br \/>Wenden Sie sich dann an Ihr Kreditkartenunternehmen. Es kann einige Zeit dauern, bis Ihre R\u00fcckerstattung offiziell gebucht wird.<br \/>Wenden Sie sich als n\u00e4chstes an Ihre Bank. Es gibt oft eine gewisse Bearbeitungszeit, bevor eine R\u00fcckerstattung gebucht wird.<br \/>Wenn Sie all dies getan haben und Ihre R\u00fcckerstattung noch nicht erhalten haben, kontaktieren Sie uns bitte unter orders@bulletproofboxs.com.<\/p><p>Verkaufsartikel (falls zutreffend)<br \/>Nur Artikel zum regul\u00e4ren Preis k\u00f6nnen erstattet werden, leider k\u00f6nnen Verkaufsartikel nicht erstattet werden.<\/p><p>Austausch (falls zutreffend)<br \/>Wir ersetzen Artikel nur, wenn sie defekt oder besch\u00e4digt sind. Wenn Sie es gegen denselben Artikel umtauschen m\u00f6chten, senden Sie uns eine E-Mail an orders@bulletproofboxs.com.<\/p><p>Sie sind f\u00fcr die Zahlung Ihrer eigenen Versandkosten f\u00fcr die R\u00fccksendung Ihres Artikels verantwortlich.\u00a0<\/p><p>\u00a0<\/p><p>\u00a0<\/p><p>Abh\u00e4ngig von Ihrem Wohnort kann es unterschiedlich lange dauern, bis Ihr umgetauschtes Produkt Sie erreicht.<\/p><p>Wenn Sie einen Artikel \u00fcber $75 versenden, sollten Sie in Betracht ziehen, einen nachverfolgbaren Versandservice zu nutzen oder eine Versandversicherung abzuschlie\u00dfen. Wir garantieren nicht, dass wir Ihren zur\u00fcckgegebenen Artikel erhalten.<\/p>\t\t\t\t\t\t\t\t<\/div>\n\t\t\t\t<\/div>\n\t\t\t\t\t<\/div>\n\t\t<\/div>\n\t\t\t\t\t<\/div>\n\t\t<\/section>\n\t\t\t\t<\/div>","protected":false},"excerpt":{"rendered":"<p>Terms Policies Shipping Returns Warranties RETURNS Our policy lasts 14 days. If\u00a014 days have gone by since your purchase, unfortunately, we can\u2019t offer you a refund or exchange. To be eligible for a return, your item must be unused and in the same condition that you received it. It must also be in the original &hellip;<\/p>\n<p class=\"read-more\"> <a class=\"\" href=\"https:\/\/bulletproofboxs.com\/de\/kehrt-zuruck\/\"> <span class=\"screen-reader-text\">Kehrt zur\u00fcck<\/span> Weiterlesen &quot;<\/a><\/p>","protected":false},"author":1,"featured_media":0,"parent":0,"menu_order":0,"comment_status":"closed","ping_status":"closed","template":"","meta":{"site-sidebar-layout":"no-sidebar","site-content-layout":"page-builder","ast-site-content-layout":"","site-content-style":"default","site-sidebar-style":"default","ast-global-header-display":"","ast-banner-title-visibility":"","ast-main-header-display":"","ast-hfb-above-header-display":"","ast-hfb-below-header-display":"","ast-hfb-mobile-header-display":"","site-post-title":"disabled","ast-breadcrumbs-content":"","ast-featured-img":"disabled","footer-sml-layout":"","theme-transparent-header-meta":"","adv-header-id-meta":"","stick-header-meta":"","header-above-stick-meta":"","header-main-stick-meta":"","header-below-stick-meta":"","astra-migrate-meta-layouts":"","footnotes":""},"class_list":["post-5681","page","type-page","status-publish","hentry"],"_links":{"self":[{"href":"https:\/\/bulletproofboxs.com\/de\/wp-json\/wp\/v2\/pages\/5681","targetHints":{"allow":["GET"]}}],"collection":[{"href":"https:\/\/bulletproofboxs.com\/de\/wp-json\/wp\/v2\/pages"}],"about":[{"href":"https:\/\/bulletproofboxs.com\/de\/wp-json\/wp\/v2\/types\/page"}],"author":[{"embeddable":true,"href":"https:\/\/bulletproofboxs.com\/de\/wp-json\/wp\/v2\/users\/1"}],"replies":[{"embeddable":true,"href":"https:\/\/bulletproofboxs.com\/de\/wp-json\/wp\/v2\/comments?post=5681"}],"version-history":[{"count":26,"href":"https:\/\/bulletproofboxs.com\/de\/wp-json\/wp\/v2\/pages\/5681\/revisions"}],"predecessor-version":[{"id":9137,"href":"https:\/\/bulletproofboxs.com\/de\/wp-json\/wp\/v2\/pages\/5681\/revisions\/9137"}],"wp:attachment":[{"href":"https:\/\/bulletproofboxs.com\/de\/wp-json\/wp\/v2\/media?parent=5681"}],"curies":[{"name":"wp","href":"https:\/\/api.w.org\/{rel}","templated":true}]}}