{"id":9012,"date":"2022-08-19T08:01:53","date_gmt":"2022-08-19T08:01:53","guid":{"rendered":"http:\/\/bulletproofboxs.com\/?post_type=product&#038;p=9012"},"modified":"2024-09-05T13:30:10","modified_gmt":"2024-09-05T13:30:10","slug":"uhmwpe-ballistic-plate","status":"publish","type":"product","link":"http:\/\/bulletproofboxs.com\/fr\/produit\/plaque-balistique-uhmwpe\/","title":{"rendered":"Panneau balistique \u00e0 plaque pare-balles RF1 niveau 3 + III + 0101.06\/NIJ 0101.07 RF1 PE pur panneau balistique M80 et AK47 panneau autonome"},"content":{"rendered":"<h4 class=\"topTitle\" style=\"text-align: center;\">PROTECTION EXTR\u00caME POUR LES T\u00c2CHES EXTR\u00caMES<\/h4>\n<h2 class=\"mainTitle\" style=\"text-align: center;\">Plaque balistique UHMWPE<\/h2>\n<h5 class=\"subTitle\" style=\"text-align: center;\">Largement test\u00e9e sur le terrain, cette plaque ne pr\u00e9tend pas seulement sauver des vies, elle le fait activement<\/h5>\n<div class=\"text\">\n<p style=\"text-align: center;\">Offrant le plus haut niveau de protection balistique disponible, il prot\u00e8ge de pratiquement toutes les armes de poing et fusils anti-infanterie. Avec son prix abordable et ses sp\u00e9cifications professionnelles, cette plaque dure est une solution s\u00e9rieuse pour tous ceux qui cherchent \u00e0 se blinder.<\/p>\n<\/div>\n<div class=\"text\">\n<p><img fetchpriority=\"high\" decoding=\"async\" class=\"aligncenter wp-image-9013 size-full\" src=\"http:\/\/bulletproofboxs.com\/wp-content\/uploads\/2022\/08\/PE-Ballistic-plate-66.webp\" alt=\"\" width=\"1536\" height=\"824\" srcset=\"https:\/\/bulletproofboxs.com\/wp-content\/uploads\/2022\/08\/PE-Ballistic-plate-66.webp 1536w, https:\/\/bulletproofboxs.com\/wp-content\/uploads\/2022\/08\/PE-Ballistic-plate-66-300x161.webp 300w, https:\/\/bulletproofboxs.com\/wp-content\/uploads\/2022\/08\/PE-Ballistic-plate-66-1024x549.webp 1024w, https:\/\/bulletproofboxs.com\/wp-content\/uploads\/2022\/08\/PE-Ballistic-plate-66-768x412.webp 768w, https:\/\/bulletproofboxs.com\/wp-content\/uploads\/2022\/08\/PE-Ballistic-plate-66-600x322.webp 600w\" sizes=\"(max-width: 1536px) 100vw, 1536px\" \/><\/p>\n<div class=\"dividerBlock\" style=\"text-align: center;\"><strong>CARACT\u00c9RISTIQUES<\/strong><\/div>\n<div>\n<hr \/>\n<\/div>\n<section id=\"featuresSection\" class=\"keyFeatures\">\n<div class=\"listBlock\">\n<ul>\n<li data-pm-slice=\"0 0 []\">Plaque balistique en c\u00e9ramique<\/li>\n<li data-pm-slice=\"0 0 []\"><span style=\"vertical-align: inherit;\">NIJ 0101.06 NIJ III<\/span><\/li>\n<li data-pm-slice=\"0 0 []\">Conception avanc\u00e9e en c\u00e9ramique\/composite<\/li>\n<li data-pm-slice=\"0 0 []\">Coupe du tireur<\/li>\n<li data-pm-slice=\"0 0 []\">Poids l\u00e9ger<\/li>\n<li data-pm-slice=\"0 0 []\">La plaque de niveau III est capable de surmonter les cartouches OTAN M80<\/li>\n<li data-pm-slice=\"0 0 []\">Parfait pour une utilisation comme plaque avant ou arri\u00e8re dans un gilet ou un porte-plaque, ou comme support autonome.<\/li>\n<li data-pm-slice=\"0 0 []\">Disponible imm\u00e9diatement pour le gouvernement, les forces de l&#039;ordre et l&#039;arm\u00e9e, etc.<\/li>\n<\/ul>\n<p><img decoding=\"async\" class=\"aligncenter wp-image-8185 size-full\" src=\"http:\/\/bulletproofboxs.com\/wp-content\/uploads\/2022\/08\/Aluminum-Oxide-Ceramic-Ballistic-Plate-77.webp\" alt=\"\" width=\"750\" height=\"1460\" srcset=\"https:\/\/bulletproofboxs.com\/wp-content\/uploads\/2022\/08\/Aluminum-Oxide-Ceramic-Ballistic-Plate-77.webp 750w, https:\/\/bulletproofboxs.com\/wp-content\/uploads\/2022\/08\/Aluminum-Oxide-Ceramic-Ballistic-Plate-77-154x300.webp 154w, https:\/\/bulletproofboxs.com\/wp-content\/uploads\/2022\/08\/Aluminum-Oxide-Ceramic-Ballistic-Plate-77-526x1024.webp 526w, https:\/\/bulletproofboxs.com\/wp-content\/uploads\/2022\/08\/Aluminum-Oxide-Ceramic-Ballistic-Plate-77-600x1168.webp 600w\" sizes=\"(max-width: 750px) 100vw, 750px\" \/><\/p>\n<\/div>\n<\/section>\n<\/div>","protected":false},"excerpt":{"rendered":"<p>La plaque offre une protection contre les fusils les plus courants pour un poids de transport minimum. La forme imite la poitrine et la courbure du dos, offrant un confort optimal.<\/p>","protected":false},"featured_media":9014,"comment_status":"open","ping_status":"closed","template":"","meta":{"site-sidebar-layout":"default","site-content-layout":"default","ast-site-content-layout":"","site-content-style":"default","site-sidebar-style":"default","ast-global-header-display":"","ast-banner-title-visibility":"","ast-main-header-display":"","ast-hfb-above-header-display":"","ast-hfb-below-header-display":"","ast-hfb-mobile-header-display":"","site-post-title":"","ast-breadcrumbs-content":"","ast-featured-img":"","footer-sml-layout":"","theme-transparent-header-meta":"default","adv-header-id-meta":"","stick-header-meta":"default","header-above-stick-meta":"","header-main-stick-meta":"","header-below-stick-meta":"","astra-migrate-meta-layouts":""},"product_brand":[],"product_cat":[32,194],"product_tag":[38],"class_list":{"0":"post-9012","1":"product","2":"type-product","3":"status-publish","4":"has-post-thumbnail","6":"product_cat-bulletproof-insert","7":"product_cat-hard-armor-panels","8":"product_tag-security","9":"desktop-align-left","10":"tablet-align-left","11":"mobile-align-left","12":"ast-product-gallery-layout-horizontal","13":"ast-product-single-variable","14":"ast-product-tabs-layout-horizontal","15":"ast-qv-on-image","17":"first","18":"instock","19":"shipping-taxable","20":"purchasable","21":"product-type-variable"},"_links":{"self":[{"href":"http:\/\/bulletproofboxs.com\/fr\/wp-json\/wp\/v2\/product\/9012","targetHints":{"allow":["GET"]}}],"collection":[{"href":"http:\/\/bulletproofboxs.com\/fr\/wp-json\/wp\/v2\/product"}],"about":[{"href":"http:\/\/bulletproofboxs.com\/fr\/wp-json\/wp\/v2\/types\/product"}],"replies":[{"embeddable":true,"href":"http:\/\/bulletproofboxs.com\/fr\/wp-json\/wp\/v2\/comments?post=9012"}],"wp:featuredmedia":[{"embeddable":true,"href":"http:\/\/bulletproofboxs.com\/fr\/wp-json\/wp\/v2\/media\/9014"}],"wp:attachment":[{"href":"http:\/\/bulletproofboxs.com\/fr\/wp-json\/wp\/v2\/media?parent=9012"}],"wp:term":[{"taxonomy":"product_brand","embeddable":true,"href":"http:\/\/bulletproofboxs.com\/fr\/wp-json\/wp\/v2\/product_brand?post=9012"},{"taxonomy":"product_cat","embeddable":true,"href":"http:\/\/bulletproofboxs.com\/fr\/wp-json\/wp\/v2\/product_cat?post=9012"},{"taxonomy":"product_tag","embeddable":true,"href":"http:\/\/bulletproofboxs.com\/fr\/wp-json\/wp\/v2\/product_tag?post=9012"}],"curies":[{"name":"wp","href":"https:\/\/api.w.org\/{rel}","templated":true}]}}